{"id":4005,"date":"2025-01-06T20:47:09","date_gmt":"2025-01-06T20:47:09","guid":{"rendered":"https:\/\/fine-europe.eu\/?page_id=4005"},"modified":"2025-01-06T20:47:10","modified_gmt":"2025-01-06T20:47:10","slug":"mirko-prosen-membre-executif","status":"publish","type":"page","link":"https:\/\/www.fine-europe.eu\/?page_id=4005","title":{"rendered":"Mirko Prosen, Membre executif"},"content":{"rendered":"<p>[et_pb_section fb_built=&#8221;1&#8243; _builder_version=&#8221;4.16&#8243; global_colors_info=&#8221;{}&#8221;][et_pb_row column_structure=&#8221;2_5,3_5&#8243; _builder_version=&#8221;4.16&#8243; global_colors_info=&#8221;{}&#8221;][et_pb_column type=&#8221;2_5&#8243; _builder_version=&#8221;4.16&#8243; global_colors_info=&#8221;{}&#8221;][et_pb_image src=&#8221;https:\/\/www.fine-europe.eu\/wp-content\/uploads\/cfdb7_uploads\/17274240128c12901420-file-544-DSC_7671.jpg&#8221; title_text=&#8221;JEZEGOU Jean Franc\u0327ois_ALSACE (2)&#8221; align=&#8221;center&#8221; _builder_version=&#8221;4.27.2&#8243; module_alignment=&#8221;center&#8221; global_colors_info=&#8221;{}&#8221;][\/et_pb_image][et_pb_text _builder_version=&#8221;4.27.2&#8243; hover_enabled=&#8221;0&#8243; global_colors_info=&#8221;{}&#8221; sticky_enabled=&#8221;0&#8243;]<\/p>\n<p style=\"text-align: center;\"><strong>MIRKO PROSEN<\/strong><\/p>\n<p style=\"text-align: center;\"><strong>MEMBRE EXECUTIF<\/strong><\/p>\n<p>[\/et_pb_text][et_pb_image src=&#8221;https:\/\/www.fine-europe.eu\/wp-content\/uploads\/2025\/01\/Screenshot-2025-01-06-at-21.41.03.png&#8221; title_text=&#8221;Screenshot 2025-01-06 at 21.41.03&#8243; align=&#8221;center&#8221; _builder_version=&#8221;4.27.2&#8243; width=&#8221;30%&#8221; module_alignment=&#8221;center&#8221; height=&#8221;80px&#8221; global_colors_info=&#8221;{}&#8221;][\/et_pb_image][\/et_pb_column][et_pb_column type=&#8221;3_5&#8243; _builder_version=&#8221;4.16&#8243; global_colors_info=&#8221;{}&#8221;][et_pb_text _builder_version=&#8221;4.27.2&#8243; hover_enabled=&#8221;0&#8243; global_colors_info=&#8221;{}&#8221; sticky_enabled=&#8221;0&#8243;]<\/p>\n<p>Mirko Prosen est professeur associ\u00e9 et chercheur principal \u00e0 la facult\u00e9 des sciences de la sant\u00e9 de l&#8217;universit\u00e9 de Primorska, en Slov\u00e9nie. Il est titulaire d&#8217;une licence en soins infirmiers, ainsi que d&#8217;une ma\u00eetrise et d&#8217;un doctorat en sciences sociales. Il est sp\u00e9cialis\u00e9 dans la sociologie de la sant\u00e9 et de la maladie, et plus particuli\u00e8rement dans la promotion de la sant\u00e9 des femmes, l&#8217;\u00e9tude des disparit\u00e9s en mati\u00e8re de sant\u00e9 et les soins infirmiers transculturels, notamment dans le domaine de l&#8217;\u00e9ducation. M. Prosen a jou\u00e9 un r\u00f4le essentiel dans l&#8217;int\u00e9gration des soins infirmiers transculturels dans le programme d&#8217;\u00e9tudes slov\u00e8ne et a contribu\u00e9 \u00e0 \u00e9tablir cette orientation au niveau international. Son travail est reconnu non seulement pour sa rigueur scientifique, mais aussi pour son impact direct sur l&#8217;enseignement des soins de sant\u00e9, contribuant \u00e0 former des professionnels de sant\u00e9 comp\u00e9tents sur le plan culturel dans le monde entier. Il effectue actuellement son deuxi\u00e8me mandat en tant que vice-doyen charg\u00e9 des affaires \u00e9tudiantes.<\/p>\n<p>En tant qu&#8217;expert externe agr\u00e9\u00e9 par l&#8217;Agence slov\u00e8ne d&#8217;assurance qualit\u00e9 pour l&#8217;enseignement sup\u00e9rieur, les contributions du Dr Prosen s&#8217;\u00e9tendent au-del\u00e0 du monde universitaire. Il est \u00e9galement examinateur externe \u00e0 l&#8217;universit\u00e9 de Limerick et membre de nombreuses organisations prestigieuses, dont l&#8217;European Transcultural Nursing Association (en tant que repr\u00e9sentant national), la European Society for Health and Medical Sociology et la Sigma Theta Tau International Honour Society of Nursing. Sa grande implication dans ces organisations, y compris dans des r\u00f4les de direction, refl\u00e8te son engagement \u00e0 promouvoir l&#8217;excellence dans la formation en soins infirmiers et les pratiques transculturelles en mati\u00e8re de soins de sant\u00e9.<\/p>\n<p>M. Prosen a jou\u00e9 un r\u00f4le d\u00e9terminant dans la conduite de projets de collaboration internationale li\u00e9s \u00e0 la formation en soins infirmiers et \u00e0 d&#8217;autres sujets. Il est r\u00e9dacteur, r\u00e9viseur et membre du comit\u00e9 de r\u00e9daction de plusieurs revues nationales et internationales. Il est \u00e9galement l&#8217;auteur de nombreux articles scientifiques et monographies.<\/p>\n<p>Parmi ses nombreuses distinctions, le Dr Prosen a re\u00e7u le prix de l&#8217;Universit\u00e9 de Primorska pour \u00ab Jeune enseignant\/chercheur inspirant \u00bb en 2020 et le prestigieux prix de la R\u00e9publique de Slov\u00e9nie pour les r\u00e9alisations exceptionnelles dans l&#8217;enseignement sup\u00e9rieur en 2022, en particulier pour son travail dans le domaine de l&#8217;\u00e9ducation transculturelle pour les professionnels de la sant\u00e9. Ses r\u00e9alisations lui ont valu une reconnaissance nationale et internationale, notamment des bourses (telles que le Royal College of Surgeons Ireland Fellowship of the Faculty of Nursing &amp; Midwifery), des subventions (par exemple la bourse STTI en 2013, la bourse du gouvernement fran\u00e7ais en 2019) et des prix du meilleur poster lors de conf\u00e9rences internationales.<\/p>\n<p>[\/et_pb_text][\/et_pb_column][\/et_pb_row][\/et_pb_section]<\/p>\n","protected":false},"excerpt":{"rendered":"<p>MIRKO PROSEN MEMBRE EXECUTIFMirko Prosen est professeur associ\u00e9 et chercheur principal \u00e0 la facult\u00e9 des sciences de la sant\u00e9 de l&#8217;universit\u00e9 de Primorska, en Slov\u00e9nie. Il est titulaire d&#8217;une licence en soins infirmiers, ainsi que d&#8217;une ma\u00eetrise et d&#8217;un doctorat en sciences sociales. Il est sp\u00e9cialis\u00e9 dans la sociologie de la sant\u00e9 et de la [&hellip;]<\/p>\n","protected":false},"author":1,"featured_media":0,"parent":0,"menu_order":0,"comment_status":"closed","ping_status":"closed","template":"","meta":{"_et_pb_use_builder":"on","_et_pb_old_content":"","_et_gb_content_width":"","footnotes":""},"class_list":["post-4005","page","type-page","status-publish","hentry"],"_links":{"self":[{"href":"https:\/\/www.fine-europe.eu\/index.php?rest_route=\/wp\/v2\/pages\/4005","targetHints":{"allow":["GET"]}}],"collection":[{"href":"https:\/\/www.fine-europe.eu\/index.php?rest_route=\/wp\/v2\/pages"}],"about":[{"href":"https:\/\/www.fine-europe.eu\/index.php?rest_route=\/wp\/v2\/types\/page"}],"author":[{"embeddable":true,"href":"https:\/\/www.fine-europe.eu\/index.php?rest_route=\/wp\/v2\/users\/1"}],"replies":[{"embeddable":true,"href":"https:\/\/www.fine-europe.eu\/index.php?rest_route=%2Fwp%2Fv2%2Fcomments&post=4005"}],"version-history":[{"count":2,"href":"https:\/\/www.fine-europe.eu\/index.php?rest_route=\/wp\/v2\/pages\/4005\/revisions"}],"predecessor-version":[{"id":4008,"href":"https:\/\/www.fine-europe.eu\/index.php?rest_route=\/wp\/v2\/pages\/4005\/revisions\/4008"}],"wp:attachment":[{"href":"https:\/\/www.fine-europe.eu\/index.php?rest_route=%2Fwp%2Fv2%2Fmedia&parent=4005"}],"curies":[{"name":"wp","href":"https:\/\/api.w.org\/{rel}","templated":true}]}}