{"id":3988,"date":"2025-01-06T20:27:09","date_gmt":"2025-01-06T20:27:09","guid":{"rendered":"https:\/\/fine-europe.eu\/?page_id=3988"},"modified":"2025-01-06T20:35:13","modified_gmt":"2025-01-06T20:35:13","slug":"sara-pinto-membre-executif","status":"publish","type":"page","link":"https:\/\/www.fine-europe.eu\/?page_id=3988","title":{"rendered":"Sara Pinto, Membre executif"},"content":{"rendered":"<p>[et_pb_section fb_built=&#8221;1&#8243; _builder_version=&#8221;4.16&#8243; global_colors_info=&#8221;{}&#8221;][et_pb_row column_structure=&#8221;2_5,3_5&#8243; _builder_version=&#8221;4.16&#8243; global_colors_info=&#8221;{}&#8221;][et_pb_column type=&#8221;2_5&#8243; _builder_version=&#8221;4.16&#8243; global_colors_info=&#8221;{}&#8221;][et_pb_image src=&#8221;https:\/\/www.fine-europe.eu\/wp-content\/uploads\/cfdb7_uploads\/1728486634c08e85ae3e-file-544-Photo_SARA-PINTO-Portugal.jpg&#8221; title_text=&#8221;JEZEGOU Jean Franc\u0327ois_ALSACE (2)&#8221; align=&#8221;center&#8221; _builder_version=&#8221;4.27.2&#8243; module_alignment=&#8221;center&#8221; hover_enabled=&#8221;0&#8243; global_colors_info=&#8221;{}&#8221; sticky_enabled=&#8221;0&#8243;][\/et_pb_image][et_pb_text _builder_version=&#8221;4.27.2&#8243; hover_enabled=&#8221;0&#8243; global_colors_info=&#8221;{}&#8221; sticky_enabled=&#8221;0&#8243;]<\/p>\n<p style=\"text-align: center;\"><strong>SARA PINTO<\/strong><\/p>\n<p style=\"text-align: center;\"><strong>MEMBRE EXECUTIF<\/strong><\/p>\n<p>[\/et_pb_text][et_pb_image src=&#8221;https:\/\/www.fine-europe.eu\/wp-content\/uploads\/2025\/01\/Screenshot-2025-01-06-at-21.30.53.png&#8221; title_text=&#8221;Screenshot 2025-01-06 at 21.30.53&#8243; align=&#8221;center&#8221; _builder_version=&#8221;4.27.2&#8243; width=&#8221;30%&#8221; module_alignment=&#8221;center&#8221; height=&#8221;80px&#8221; hover_enabled=&#8221;0&#8243; global_colors_info=&#8221;{}&#8221; sticky_enabled=&#8221;0&#8243;][\/et_pb_image][\/et_pb_column][et_pb_column type=&#8221;3_5&#8243; _builder_version=&#8221;4.16&#8243; global_colors_info=&#8221;{}&#8221;][et_pb_text _builder_version=&#8221;4.27.2&#8243; hover_enabled=&#8221;0&#8243; global_colors_info=&#8221;{}&#8221; sticky_enabled=&#8221;0&#8243;]<\/p>\n<p>Je suis une infirmi\u00e8re portugaise, passionn\u00e9e par la promotion de l&#8217;excellence dans les soins infirmiers.<\/p>\n<p>Mon parcours a commenc\u00e9 par un dipl\u00f4me d&#8217;infirmi\u00e8re (2005, \u00c9cole d&#8217;infirmi\u00e8res \u00c2ngelo Fonseca), suivi d&#8217;un master en soins palliatifs (2012, Universit\u00e9 de Porto), d&#8217;un doctorat en sciences infirmi\u00e8res (2017, Universit\u00e9 de Porto), d&#8217;une sp\u00e9cialisation en soins infirmiers m\u00e9dico-chirurgicaux palliatifs (2020) et d&#8217;un postdoctorat en sciences de la sant\u00e9 (2023, Universit\u00e9 de Coimbra). J&#8217;ai poursuivi mon d\u00e9veloppement dans le cadre de programmes au Portugal, au Royaume-Uni (King&#8217;s College London), en Belgique (Erasmus+) et en Espagne, en mettant l&#8217;accent sur la pens\u00e9e critique, les activit\u00e9s \u00e9lectroniques en ligne et la pratique simul\u00e9e.<\/p>\n<p>J&#8217;ai plus de 19 ans d&#8217;exp\u00e9rience, dont 12 ans de pratique clinique dans les h\u00f4pitaux et les soins de proximit\u00e9, qui ont profond\u00e9ment influenc\u00e9 mon approche de la formation et de la recherche en soins infirmiers.<\/p>\n<p>En 2017, j&#8217;ai transf\u00e9r\u00e9 dans le milieu universitaire, en coordonnant un cours de troisi\u00e8me cycle hybride en soins palliatifs (2018-2022) et en coordonnant le baccalaur\u00e9at en sciences infirmi\u00e8res (2020-2022), tout en pr\u00e9sidant le comit\u00e9 d&#8217;assurance qualit\u00e9 (2019-2022) et en int\u00e9grant le conseil technico-scientifique (2017-2021). Depuis 2022, je suis professeur adjoint \u00e0 l&#8217;\u00e9cole d&#8217;infirmi\u00e8res de Porto.<\/p>\n<p>Depuis 2015, je collabore avec l&#8217;Agence portugaise pour l&#8217;\u00e9valuation et l&#8217;accr\u00e9ditation de l&#8217;enseignement sup\u00e9rieur, en \u00e9valuant les programmes de soins infirmiers et palliatifs au Portugal et \u00e0 Macao. Cette exp\u00e9rience a \u00e9t\u00e9 cruciale pour me pr\u00e9parer \u00e0 relever d&#8217;autres d\u00e9fis, notamment ma participation au comit\u00e9 r\u00e9gional d&#8217;experts sur la recherche, l&#8217;\u00e9ducation et la formation du Conseil portugais des soins infirmiers et, depuis 2023, mon r\u00f4le dans la coordination scientifique de l&#8217;Observatoire portugais des soins palliatifs.<\/p>\n<p>En tant que chercheur, j&#8217;ai publi\u00e9 plus de 58 articles, j&#8217;ai co\u00e9crit trois livres et j&#8217;ai re\u00e7u une bourse du Conseil portugais des soins infirmiers. J&#8217;ai contribu\u00e9 \u00e0 des projets tels que l&#8217;initiative de l&#8217;OCDE sur la cr\u00e9ativit\u00e9 dans l&#8217;enseignement sup\u00e9rieur et le projet EOLinPLACE financ\u00e9 par le Conseil europ\u00e9en de la recherche dans quatre pays diff\u00e9rents : Portugal, Pays-Bas, \u00c9tats-Unis et Rwanda.<\/p>\n<p>Pour ce qui est de l&#8217;avenir, je reste d\u00e9termin\u00e9e \u00e0 am\u00e9liorer l&#8217;enseignement des soins infirmiers et \u00e0 inspirer les futures infirmi\u00e8res qui auront les moyens d&#8217;agir.<\/p>\n<p>[\/et_pb_text][\/et_pb_column][\/et_pb_row][\/et_pb_section]<\/p>\n","protected":false},"excerpt":{"rendered":"<p>SARA PINTO MEMBRE EXECUTIFJe suis une infirmi\u00e8re portugaise, passionn\u00e9e par la promotion de l&#8217;excellence dans les soins infirmiers. Mon parcours a commenc\u00e9 par un dipl\u00f4me d&#8217;infirmi\u00e8re (2005, \u00c9cole d&#8217;infirmi\u00e8res \u00c2ngelo Fonseca), suivi d&#8217;un master en soins palliatifs (2012, Universit\u00e9 de Porto), d&#8217;un doctorat en sciences infirmi\u00e8res (2017, Universit\u00e9 de Porto), d&#8217;une sp\u00e9cialisation en soins infirmiers [&hellip;]<\/p>\n","protected":false},"author":1,"featured_media":0,"parent":0,"menu_order":0,"comment_status":"closed","ping_status":"closed","template":"","meta":{"_et_pb_use_builder":"on","_et_pb_old_content":"","_et_gb_content_width":"","footnotes":""},"class_list":["post-3988","page","type-page","status-publish","hentry"],"_links":{"self":[{"href":"https:\/\/www.fine-europe.eu\/index.php?rest_route=\/wp\/v2\/pages\/3988","targetHints":{"allow":["GET"]}}],"collection":[{"href":"https:\/\/www.fine-europe.eu\/index.php?rest_route=\/wp\/v2\/pages"}],"about":[{"href":"https:\/\/www.fine-europe.eu\/index.php?rest_route=\/wp\/v2\/types\/page"}],"author":[{"embeddable":true,"href":"https:\/\/www.fine-europe.eu\/index.php?rest_route=\/wp\/v2\/users\/1"}],"replies":[{"embeddable":true,"href":"https:\/\/www.fine-europe.eu\/index.php?rest_route=%2Fwp%2Fv2%2Fcomments&post=3988"}],"version-history":[{"count":2,"href":"https:\/\/www.fine-europe.eu\/index.php?rest_route=\/wp\/v2\/pages\/3988\/revisions"}],"predecessor-version":[{"id":3997,"href":"https:\/\/www.fine-europe.eu\/index.php?rest_route=\/wp\/v2\/pages\/3988\/revisions\/3997"}],"wp:attachment":[{"href":"https:\/\/www.fine-europe.eu\/index.php?rest_route=%2Fwp%2Fv2%2Fmedia&parent=3988"}],"curies":[{"name":"wp","href":"https:\/\/api.w.org\/{rel}","templated":true}]}}