{"id":3982,"date":"2025-01-06T20:19:45","date_gmt":"2025-01-06T20:19:45","guid":{"rendered":"https:\/\/fine-europe.eu\/?page_id=3982"},"modified":"2025-01-06T20:19:45","modified_gmt":"2025-01-06T20:19:45","slug":"olivier-morenon-membre-executif","status":"publish","type":"page","link":"https:\/\/www.fine-europe.eu\/?page_id=3982","title":{"rendered":"Olivier Morenon, Membre executif"},"content":{"rendered":"<p>[et_pb_section fb_built=&#8221;1&#8243; _builder_version=&#8221;4.16&#8243; global_colors_info=&#8221;{}&#8221;][et_pb_row column_structure=&#8221;2_5,3_5&#8243; _builder_version=&#8221;4.16&#8243; global_colors_info=&#8221;{}&#8221;][et_pb_column type=&#8221;2_5&#8243; _builder_version=&#8221;4.16&#8243; global_colors_info=&#8221;{}&#8221;][et_pb_image src=&#8221;https:\/\/www.fine-europe.eu\/wp-content\/uploads\/2024\/10\/Screenshot-2024-10-24-at-18.03.19-480&#215;585.png&#8221; title_text=&#8221;JEZEGOU Jean Franc\u0327ois_ALSACE (2)&#8221; align=&#8221;center&#8221; _builder_version=&#8221;4.27.2&#8243; module_alignment=&#8221;center&#8221; global_colors_info=&#8221;{}&#8221;][\/et_pb_image][et_pb_text _builder_version=&#8221;4.27.2&#8243; hover_enabled=&#8221;0&#8243; global_colors_info=&#8221;{}&#8221; sticky_enabled=&#8221;0&#8243;]<\/p>\n<p style=\"text-align: center;\"><strong>OLIVIER MORENON<\/strong><\/p>\n<p style=\"text-align: center;\"><strong>MEMBRE EXECUTIF<\/strong><\/p>\n<p>[\/et_pb_text][et_pb_image src=&#8221;https:\/\/www.fine-europe.eu\/wp-content\/uploads\/2025\/01\/Screenshot-2025-01-06-at-21.15.21.png&#8221; title_text=&#8221;Screenshot 2025-01-06 at 21.15.21&#8243; align=&#8221;center&#8221; _builder_version=&#8221;4.27.2&#8243; width=&#8221;30%&#8221; module_alignment=&#8221;center&#8221; height=&#8221;80px&#8221; global_colors_info=&#8221;{}&#8221;][\/et_pb_image][\/et_pb_column][et_pb_column type=&#8221;3_5&#8243; _builder_version=&#8221;4.16&#8243; global_colors_info=&#8221;{}&#8221;][et_pb_text _builder_version=&#8221;4.27.2&#8243; hover_enabled=&#8221;0&#8243; global_colors_info=&#8221;{}&#8221; sticky_enabled=&#8221;0&#8243;]<\/p>\n<p>Olivier Morenon est ma\u00eetre d\u2019enseignement \u00e0 la Haute \u00e9cole sp\u00e9cialis\u00e9e de Suisse, o\u00f9 il enseigne aupr\u00e8s des \u00e9tudiants en soins infirmiers depuis 2019. Conseiller p\u00e9dagogique de la fili\u00e8re infirmi\u00e8re, il met \u00e0 profit ses connaissances en sciences humaines et en recherche pour former les futurs professionnels de la sant\u00e9.<\/p>\n<p>Avant son poste actuel, il a enseign\u00e9 en France pendant cinq ans, notamment \u00e0 l\u2019Universit\u00e9 Aix-Marseille, o\u00f9 il a \u00e9t\u00e9 charg\u00e9 de cours pour les \u00e9tudiants en master de sciences infirmi\u00e8res. Titulaire d\u2019un doctorat en sciences de l\u2019\u00e9ducation de l\u2019Universit\u00e9 Lumi\u00e8re Lyon II, il a consacr\u00e9 sa recherche \u00e0 la r\u00e9silience et \u00e0 la vuln\u00e9rabilit\u00e9 des \u00e9tudiants infirmiers, un th\u00e8me central de ses publications acad\u00e9miques.<\/p>\n<p>Olivier s\u2019investit \u00e9galement dans des approches p\u00e9dagogiques innovantes, comme l\u2019animation d\u2019un podcast sur la sant\u00e9 mentale, afin de sensibiliser et d\u2019accompagner les \u00e9tudiants dans leur parcours. Sa passion pour l\u2019\u00e9ducation et son engagement dans le soutien \u00e0 l\u2019apprentissage se traduisent par la cr\u00e9ation d\u2019environnements p\u00e9dagogiques favorisant la r\u00e9flexion et le d\u00e9veloppement des comp\u00e9tences.<\/p>\n<p>Il est membre de FINE Europe depuis le congr\u00e8s de Barcelone 2024 et aspire aujourd\u2019hui \u00e0 int\u00e9grer le bureau ex\u00e9cutif pour renforcer la collaboration entre les institutions europ\u00e9ennes. Olivier souhaite, en tant que repr\u00e9sentant suisse, contribuer \u00e0 la visibilit\u00e9 de FINE Europe, favoriser les partenariats de mobilit\u00e9 et d\u00e9velopper les projets de recherche en sciences de l\u2019\u00e9ducation infirmi\u00e8re.<\/p>\n<p>Bilingue en anglais et en italien, et ayant de bonnes comp\u00e9tences en espagnol et en allemand, Olivier dispose des atouts n\u00e9cessaires pour travailler dans le contexte europ\u00e9en. Ses comp\u00e9tences en communication et en innovation p\u00e9dagogique, associ\u00e9es \u00e0 son r\u00e9seau, en font un candidat id\u00e9al pour un r\u00f4le ex\u00e9cutif au sein de FINE Europe.<\/p>\n<p>[\/et_pb_text][\/et_pb_column][\/et_pb_row][\/et_pb_section]<\/p>\n","protected":false},"excerpt":{"rendered":"<p>OLIVIER MORENON MEMBRE EXECUTIFOlivier Morenon est ma\u00eetre d\u2019enseignement \u00e0 la Haute \u00e9cole sp\u00e9cialis\u00e9e de Suisse, o\u00f9 il enseigne aupr\u00e8s des \u00e9tudiants en soins infirmiers depuis 2019. Conseiller p\u00e9dagogique de la fili\u00e8re infirmi\u00e8re, il met \u00e0 profit ses connaissances en sciences humaines et en recherche pour former les futurs professionnels de la sant\u00e9. Avant son poste [&hellip;]<\/p>\n","protected":false},"author":1,"featured_media":0,"parent":0,"menu_order":0,"comment_status":"closed","ping_status":"closed","template":"","meta":{"_et_pb_use_builder":"on","_et_pb_old_content":"","_et_gb_content_width":"","footnotes":""},"class_list":["post-3982","page","type-page","status-publish","hentry"],"_links":{"self":[{"href":"https:\/\/www.fine-europe.eu\/index.php?rest_route=\/wp\/v2\/pages\/3982","targetHints":{"allow":["GET"]}}],"collection":[{"href":"https:\/\/www.fine-europe.eu\/index.php?rest_route=\/wp\/v2\/pages"}],"about":[{"href":"https:\/\/www.fine-europe.eu\/index.php?rest_route=\/wp\/v2\/types\/page"}],"author":[{"embeddable":true,"href":"https:\/\/www.fine-europe.eu\/index.php?rest_route=\/wp\/v2\/users\/1"}],"replies":[{"embeddable":true,"href":"https:\/\/www.fine-europe.eu\/index.php?rest_route=%2Fwp%2Fv2%2Fcomments&post=3982"}],"version-history":[{"count":2,"href":"https:\/\/www.fine-europe.eu\/index.php?rest_route=\/wp\/v2\/pages\/3982\/revisions"}],"predecessor-version":[{"id":3984,"href":"https:\/\/www.fine-europe.eu\/index.php?rest_route=\/wp\/v2\/pages\/3982\/revisions\/3984"}],"wp:attachment":[{"href":"https:\/\/www.fine-europe.eu\/index.php?rest_route=%2Fwp%2Fv2%2Fmedia&parent=3982"}],"curies":[{"name":"wp","href":"https:\/\/api.w.org\/{rel}","templated":true}]}}