{"id":3971,"date":"2025-01-06T20:10:34","date_gmt":"2025-01-06T20:10:34","guid":{"rendered":"https:\/\/fine-europe.eu\/?page_id=3971"},"modified":"2025-01-06T20:10:35","modified_gmt":"2025-01-06T20:10:35","slug":"antonio-bonacaro-membre-executif","status":"publish","type":"page","link":"https:\/\/www.fine-europe.eu\/?page_id=3971","title":{"rendered":"Antonio Bonacaro, Membre ex\u00e9cutif"},"content":{"rendered":"<p>[et_pb_section fb_built=&#8221;1&#8243; _builder_version=&#8221;4.16&#8243; global_colors_info=&#8221;{}&#8221;][et_pb_row column_structure=&#8221;2_5,3_5&#8243; _builder_version=&#8221;4.16&#8243; global_colors_info=&#8221;{}&#8221;][et_pb_column type=&#8221;2_5&#8243; _builder_version=&#8221;4.16&#8243; global_colors_info=&#8221;{}&#8221;][et_pb_image src=&#8221;https:\/\/www.fine-europe.eu\/wp-content\/uploads\/2024\/10\/Screenshot-2024-10-24-at-17.55.24-480&#215;611.png&#8221; title_text=&#8221;JEZEGOU Jean Franc\u0327ois_ALSACE (2)&#8221; align=&#8221;center&#8221; _builder_version=&#8221;4.27.2&#8243; module_alignment=&#8221;center&#8221; global_colors_info=&#8221;{}&#8221;][\/et_pb_image][et_pb_text _builder_version=&#8221;4.27.2&#8243; hover_enabled=&#8221;0&#8243; global_colors_info=&#8221;{}&#8221; sticky_enabled=&#8221;0&#8243;]<\/p>\n<p style=\"text-align: center;\"><strong>HELGA BRAGADOTTIR<\/strong><\/p>\n<p style=\"text-align: center;\"><strong>MEMBRE EXECUTIF<\/strong><\/p>\n<p>[\/et_pb_text][et_pb_image src=&#8221;https:\/\/www.fine-europe.eu\/wp-content\/uploads\/2025\/01\/Screenshot-2025-01-06-at-21.04.51.png&#8221; title_text=&#8221;Screenshot 2025-01-06 at 21.04.51&#8243; align=&#8221;center&#8221; _builder_version=&#8221;4.27.2&#8243; width=&#8221;30%&#8221; module_alignment=&#8221;center&#8221; height=&#8221;80px&#8221; global_colors_info=&#8221;{}&#8221;][\/et_pb_image][\/et_pb_column][et_pb_column type=&#8221;3_5&#8243; _builder_version=&#8221;4.16&#8243; global_colors_info=&#8221;{}&#8221;][et_pb_text _builder_version=&#8221;4.27.2&#8243; hover_enabled=&#8221;0&#8243; global_colors_info=&#8221;{}&#8221; sticky_enabled=&#8221;0&#8243;]<\/p>\n<p>Le professeur Antonio Bonacaro est un \u00e9ducateur, un chercheur et un praticien de renom dont la carri\u00e8re s&#8217;\u00e9tend sur plus de trois d\u00e9cennies dans les domaines de l&#8217;enseignement, de la pratique clinique et de la recherche innovante en Europe et au-del\u00e0.<\/p>\n<p>Tout au long de son parcours professionnel, le professeur Bonacaro s&#8217;est fermement engag\u00e9 \u00e0 am\u00e9liorer la formation en soins infirmiers par une approche multiculturelle, multiconfessionnelle et inclusive. Au cours de sa longue carri\u00e8re universitaire, il a occup\u00e9 des postes dans des institutions prestigieuses aux \u00c9mirats arabes unis, au Royaume-Uni, en Italie et dans d&#8217;autres pays du monde. Sa philosophie d&#8217;enseignement est ancr\u00e9e dans la conviction que la formation en soins infirmiers doit \u00eatre adaptable et sensible \u00e0 la culture afin de pr\u00e9parer les futures infirmi\u00e8res aux complexit\u00e9s des soins de sant\u00e9 mondiaux.<\/p>\n<p>Outre ses fonctions d&#8217;enseignant, le professeur Bonacaro est un chercheur respect\u00e9 qui a apport\u00e9 des contributions significatives au domaine des sciences infirmi\u00e8res. Son portefeuille de recherche est vaste et comprend des projets interdisciplinaires qui abordent des questions essentielles telles que le vieillissement, la gestion des maladies chroniques et l&#8217;utilisation des technologies de pointe dans les soins de sant\u00e9. Ses travaux collaboratifs int\u00e8grent les perspectives de la m\u00e9decine, de la sociologie et de la technologie, dans le but de relever les d\u00e9fis multiformes auxquels sont confront\u00e9s les syst\u00e8mes de soins de sant\u00e9 aujourd&#8217;hui. Les r\u00e9sultats de ses recherches ont \u00e9t\u00e9 largement publi\u00e9s dans des revues universitaires de premier plan, influen\u00e7ant les pratiques fond\u00e9es sur des preuves dans le domaine des soins infirmiers \u00e0 travers l&#8217;Europe.<\/p>\n<p>Le professeur Bonacaro est \u00e9galement \u00e0 l&#8217;avant-garde de la transformation de la formation en soins infirmiers gr\u00e2ce \u00e0 des m\u00e9thodes d&#8217;enseignement innovantes. Il est \u00e0 l&#8217;origine du d\u00e9veloppement d&#8217;un enseignement bas\u00e9 sur la simulation et d&#8217;outils d&#8217;apprentissage num\u00e9riques, y compris la gamification, afin de favoriser les comp\u00e9tences cliniques et la pens\u00e9e critique chez les \u00e9tudiants en soins infirmiers. Son d\u00e9vouement \u00e0 l&#8217;innovation permet \u00e0 la formation en soins infirmiers de rester pertinente et de r\u00e9pondre \u00e0 l&#8217;\u00e9volution des besoins en mati\u00e8re de soins de sant\u00e9.<\/p>\n<p>M. Bonacaro est actuellement professeur associ\u00e9 en sciences infirmi\u00e8res \u00e0 l&#8217;universit\u00e9 de Parme, en Italie. Il reste un fervent d\u00e9fenseur d&#8217;une formation en soins infirmiers de haute qualit\u00e9 et inclusive, qui embrasse la diversit\u00e9 et pr\u00e9pare les \u00e9tudiants \u00e0 relever les d\u00e9fis de la sant\u00e9 mondiale avec confiance et compassion.<\/p>\n<p>[\/et_pb_text][\/et_pb_column][\/et_pb_row][\/et_pb_section]<\/p>\n","protected":false},"excerpt":{"rendered":"<p>HELGA BRAGADOTTIR MEMBRE EXECUTIFLe professeur Antonio Bonacaro est un \u00e9ducateur, un chercheur et un praticien de renom dont la carri\u00e8re s&#8217;\u00e9tend sur plus de trois d\u00e9cennies dans les domaines de l&#8217;enseignement, de la pratique clinique et de la recherche innovante en Europe et au-del\u00e0. Tout au long de son parcours professionnel, le professeur Bonacaro s&#8217;est [&hellip;]<\/p>\n","protected":false},"author":1,"featured_media":0,"parent":0,"menu_order":0,"comment_status":"closed","ping_status":"closed","template":"","meta":{"_et_pb_use_builder":"on","_et_pb_old_content":"","_et_gb_content_width":"","footnotes":""},"class_list":["post-3971","page","type-page","status-publish","hentry"],"_links":{"self":[{"href":"https:\/\/www.fine-europe.eu\/index.php?rest_route=\/wp\/v2\/pages\/3971","targetHints":{"allow":["GET"]}}],"collection":[{"href":"https:\/\/www.fine-europe.eu\/index.php?rest_route=\/wp\/v2\/pages"}],"about":[{"href":"https:\/\/www.fine-europe.eu\/index.php?rest_route=\/wp\/v2\/types\/page"}],"author":[{"embeddable":true,"href":"https:\/\/www.fine-europe.eu\/index.php?rest_route=\/wp\/v2\/users\/1"}],"replies":[{"embeddable":true,"href":"https:\/\/www.fine-europe.eu\/index.php?rest_route=%2Fwp%2Fv2%2Fcomments&post=3971"}],"version-history":[{"count":2,"href":"https:\/\/www.fine-europe.eu\/index.php?rest_route=\/wp\/v2\/pages\/3971\/revisions"}],"predecessor-version":[{"id":3973,"href":"https:\/\/www.fine-europe.eu\/index.php?rest_route=\/wp\/v2\/pages\/3971\/revisions\/3973"}],"wp:attachment":[{"href":"https:\/\/www.fine-europe.eu\/index.php?rest_route=%2Fwp%2Fv2%2Fmedia&parent=3971"}],"curies":[{"name":"wp","href":"https:\/\/api.w.org\/{rel}","templated":true}]}}