{"id":3962,"date":"2025-01-06T20:01:37","date_gmt":"2025-01-06T20:01:37","guid":{"rendered":"https:\/\/fine-europe.eu\/?page_id=3962"},"modified":"2025-01-06T20:01:38","modified_gmt":"2025-01-06T20:01:38","slug":"helga-bragadottir-membre-executif","status":"publish","type":"page","link":"https:\/\/www.fine-europe.eu\/?page_id=3962","title":{"rendered":"Helga Bragadottir, Membre ex\u00e9cutif"},"content":{"rendered":"<p>[et_pb_section fb_built=&#8221;1&#8243; _builder_version=&#8221;4.16&#8243; global_colors_info=&#8221;{}&#8221;][et_pb_row column_structure=&#8221;2_5,3_5&#8243; _builder_version=&#8221;4.16&#8243; global_colors_info=&#8221;{}&#8221;][et_pb_column type=&#8221;2_5&#8243; _builder_version=&#8221;4.16&#8243; global_colors_info=&#8221;{}&#8221;][et_pb_image src=&#8221;https:\/\/www.fine-europe.eu\/wp-content\/uploads\/2024\/10\/Screenshot-2024-10-25-at-10.58.08.png&#8221; title_text=&#8221;JEZEGOU Jean Franc\u0327ois_ALSACE (2)&#8221; align=&#8221;center&#8221; _builder_version=&#8221;4.27.2&#8243; module_alignment=&#8221;center&#8221; global_colors_info=&#8221;{}&#8221;][\/et_pb_image][et_pb_text _builder_version=&#8221;4.27.2&#8243; hover_enabled=&#8221;0&#8243; global_colors_info=&#8221;{}&#8221; sticky_enabled=&#8221;0&#8243;]<\/p>\n<p style=\"text-align: center;\"><strong>HELGA BRAGADOTTIR<\/strong><\/p>\n<p style=\"text-align: center;\"><strong>MEMBRE EXECUTIF<\/strong><\/p>\n<p>[\/et_pb_text][et_pb_image src=&#8221;https:\/\/www.fine-europe.eu\/wp-content\/uploads\/2025\/01\/Screenshot-2025-01-06-at-20.51.07.png&#8221; title_text=&#8221;Screenshot 2025-01-06 at 20.51.07&#8243; align=&#8221;center&#8221; _builder_version=&#8221;4.27.2&#8243; width=&#8221;30%&#8221; module_alignment=&#8221;center&#8221; height=&#8221;80px&#8221; global_colors_info=&#8221;{}&#8221;][\/et_pb_image][\/et_pb_column][et_pb_column type=&#8221;3_5&#8243; _builder_version=&#8221;4.16&#8243; global_colors_info=&#8221;{}&#8221;][et_pb_text _builder_version=&#8221;4.27.2&#8243; hover_enabled=&#8221;0&#8243; global_colors_info=&#8221;{}&#8221; sticky_enabled=&#8221;0&#8243;]<\/p>\n<p>Helga Bragad\u00f3ttir, RN, PhD, FAAN, est doyenne, professeure et pr\u00e9sidente de l&#8217;administration des soins infirmiers \u00e0 la Facult\u00e9 des soins infirmiers et des sages-femmes de l&#8217;Universit\u00e9 d&#8217;Islande.<\/p>\n<p>Mme Bragad\u00f3ttir est doyenne depuis 2022, apr\u00e8s avoir \u00e9t\u00e9 vice-doyenne et pr\u00e9sidente du programme d&#8217;\u00e9tudes sup\u00e9rieures de la facult\u00e9. Son principal domaine d&#8217;enseignement est l&#8217;administration des soins infirmiers et le leadership dans les soins de sant\u00e9, o\u00f9 elle a dirig\u00e9 l&#8217;\u00e9laboration et la coordination de cours et de programmes \u00e0 l&#8217;\u00e9chelle nationale et internationale.<\/p>\n<p>Le Dr Bragad\u00f3ttir a particip\u00e9 activement \u00e0 des projets internationaux de recherche et de d\u00e9veloppement ainsi qu&#8217;\u00e0 des activit\u00e9s d&#8217;enseignement. Elle est, avec le Dr Teddie Potter, professeur \u00e0 l&#8217;universit\u00e9 du Minnesota, une pionni\u00e8re de l&#8217;apprentissage international collaboratif en ligne (COIL) dans le domaine des sciences de la sant\u00e9.<\/p>\n<p>Son domaine de recherche est le travail et l&#8217;environnement de travail des infirmi\u00e8res, la s\u00e9curit\u00e9 et la qualit\u00e9 des soins et l&#8217;utilisation de la technologie dans les soins de sant\u00e9.<\/p>\n<p>Au cours des derni\u00e8res d\u00e9cennies, elle a men\u00e9 des \u00e9tudes sur le travail des infirmi\u00e8res en soins aigus, les soins infirmiers manqu\u00e9s et le travail d&#8217;\u00e9quipe en \u00e9troite collaboration avec le Dr Beatrice J. Kalisch et d&#8217;autres chercheurs au niveau international.<\/p>\n<p>Ses publications portent sur la qualit\u00e9 des soins, le travail des infirmi\u00e8res, la satisfaction du personnel et des patients et le COIL.<\/p>\n<p>Elle occupe un poste conjoint \u00e0 l&#8217;h\u00f4pital universitaire de Landsp\u00edtali, o\u00f9 elle travaille principalement avec les infirmi\u00e8res administratrices et dirigeantes sur le d\u00e9veloppement des services infirmiers, la s\u00e9curit\u00e9 et l&#8217;am\u00e9lioration de la qualit\u00e9.<\/p>\n<p>Le Dr Bragad\u00f3ttir a fait partie de plusieurs comit\u00e9s et conseils dans le domaine des soins infirmiers et de la sant\u00e9, tels que des comit\u00e9s d&#8217;\u00e9thique, des groupes de travail nationaux pour les autorit\u00e9s islandaises et des comit\u00e9s et \u00e9quipes organisationnels.<\/p>\n<p>[\/et_pb_text][\/et_pb_column][\/et_pb_row][\/et_pb_section]<\/p>\n","protected":false},"excerpt":{"rendered":"<p>HELGA BRAGADOTTIR MEMBRE EXECUTIFHelga Bragad\u00f3ttir, RN, PhD, FAAN, est doyenne, professeure et pr\u00e9sidente de l&#8217;administration des soins infirmiers \u00e0 la Facult\u00e9 des soins infirmiers et des sages-femmes de l&#8217;Universit\u00e9 d&#8217;Islande. Mme Bragad\u00f3ttir est doyenne depuis 2022, apr\u00e8s avoir \u00e9t\u00e9 vice-doyenne et pr\u00e9sidente du programme d&#8217;\u00e9tudes sup\u00e9rieures de la facult\u00e9. Son principal domaine d&#8217;enseignement est l&#8217;administration [&hellip;]<\/p>\n","protected":false},"author":1,"featured_media":0,"parent":0,"menu_order":0,"comment_status":"closed","ping_status":"closed","template":"","meta":{"_et_pb_use_builder":"on","_et_pb_old_content":"","_et_gb_content_width":"","footnotes":""},"class_list":["post-3962","page","type-page","status-publish","hentry"],"_links":{"self":[{"href":"https:\/\/www.fine-europe.eu\/index.php?rest_route=\/wp\/v2\/pages\/3962","targetHints":{"allow":["GET"]}}],"collection":[{"href":"https:\/\/www.fine-europe.eu\/index.php?rest_route=\/wp\/v2\/pages"}],"about":[{"href":"https:\/\/www.fine-europe.eu\/index.php?rest_route=\/wp\/v2\/types\/page"}],"author":[{"embeddable":true,"href":"https:\/\/www.fine-europe.eu\/index.php?rest_route=\/wp\/v2\/users\/1"}],"replies":[{"embeddable":true,"href":"https:\/\/www.fine-europe.eu\/index.php?rest_route=%2Fwp%2Fv2%2Fcomments&post=3962"}],"version-history":[{"count":3,"href":"https:\/\/www.fine-europe.eu\/index.php?rest_route=\/wp\/v2\/pages\/3962\/revisions"}],"predecessor-version":[{"id":3965,"href":"https:\/\/www.fine-europe.eu\/index.php?rest_route=\/wp\/v2\/pages\/3962\/revisions\/3965"}],"wp:attachment":[{"href":"https:\/\/www.fine-europe.eu\/index.php?rest_route=%2Fwp%2Fv2%2Fmedia&parent=3962"}],"curies":[{"name":"wp","href":"https:\/\/api.w.org\/{rel}","templated":true}]}}