{"id":3868,"date":"2024-10-25T08:59:19","date_gmt":"2024-10-25T08:59:19","guid":{"rendered":"https:\/\/fine-europe.eu\/?page_id=3868"},"modified":"2024-10-26T13:02:42","modified_gmt":"2024-10-26T13:02:42","slug":"election-des-membre-de-lexecutif-executive-members-election","status":"publish","type":"page","link":"https:\/\/www.fine-europe.eu\/?page_id=3868","title":{"rendered":"Election des membre de l&#8217;ex\u00e9cutif &#8211; Executive members election"},"content":{"rendered":"<p>[et_pb_section fb_built=&#8221;1&#8243; _builder_version=&#8221;4.27.2&#8243; _module_preset=&#8221;default&#8221; global_colors_info=&#8221;{}&#8221;][et_pb_row column_structure=&#8221;1_2,1_2&#8243; _builder_version=&#8221;4.27.2&#8243; _module_preset=&#8221;default&#8221; global_colors_info=&#8221;{}&#8221;][et_pb_column type=&#8221;1_2&#8243; _builder_version=&#8221;4.27.2&#8243; _module_preset=&#8221;default&#8221; global_colors_info=&#8221;{}&#8221;][et_pb_text _builder_version=&#8221;4.27.2&#8243; _module_preset=&#8221;default&#8221; hover_enabled=&#8221;0&#8243; global_colors_info=&#8221;{}&#8221; sticky_enabled=&#8221;0&#8243;]<\/p>\n<h2 style=\"text-align: center;\"><strong>Elections FINE<\/strong><\/h2>\n<div><span style=\"color: #3366ff;\"><strong>Mandat 2024-2027<\/strong><\/span><\/div>\n<p>D\u00e9couvrez les candidates et candidats en lice pour les \u00e9lections au comit\u00e9 ex\u00e9cutif de FINE Europe.<\/p>\n<p>Le mandat actuel de tous(tes) les membres du comit\u00e9 ex\u00e9cutif de FINE viendra \u00e0 \u00e9ch\u00e9ance \u00e0 l\u2019issue de l\u2019assembl\u00e9e annuelle du 5 d\u00e9cembre 2024. Par cons\u00e9quent des \u00e9lections seront tenues cette ann\u00e9e afin d\u2019\u00e9lire, conform\u00e9ment aux statuts de FINE :<\/p>\n<p><em>&#8221; Un Conseil d\u2019administration compos\u00e9 d&#8217;<b>au moins cinq membres<\/b>. Les membres du Conseil d\u2019administration sont, dans la mesure du possible, originaires de pays diff\u00e9rents. Les membres du Conseil d\u2019administration sont \u00e9lus par l&#8217;Assembl\u00e9e g\u00e9n\u00e9rale sur une ou plusieurs candidatures des membres collectif.&#8221;<\/em><\/p>\n<p><span>Chaque membre FINE peut voter s&#8217;il est en ordre de cotisation \u00e0 la date du\u00a0<\/span><b>15 novembre 2024<\/b>.<br \/><span>Les membres institutionnels ont une voix, les membres d&#8217;organisation nationale ont 2 voix<\/span>.<br \/><span>Le mandat d\u2019un(e) administrateur(rice) est de trois ans et peut \u00eatre renouvel\u00e9.<\/span><\/p>\n<div><span style=\"color: #3366ff;\"><strong>Dates importantes<\/strong><\/span><\/div>\n<ul>\n<li><span>P\u00e9riode de mise en candidature : Ferm\u00e9e<\/span><\/li>\n<li><span>Date limite d\u2019adh\u00e9sion pour pouvoir voter en tant que membre insitionnel (1 voix) et organisation nationale (2 voix) : 15 novembre 2024<\/span><\/li>\n<li><span>Campagne \u00e9lectorale<\/span> : <b>26 octobre<span>\u00a0<\/span><\/b>au<span>\u00a0<\/span><b>17 novembre<span>\u00a0<\/span><\/b><span>2024<\/span><\/li>\n<\/ul>\n<div><\/div>\n<div><span style=\"color: #3366ff;\"><strong>Bulletin de vote<\/strong><\/span><\/div>\n<div><\/div>\n<div>\n<div>Le lien pour acc\u00e9der au vote \u00e9lectronique pour les candidats au comit\u00e9 ex\u00e9cutif sera envoy\u00e9<span>\u00a0<\/span><span>par courriel, le 18 novembre 2024<\/span>, aux repr\u00e9sentants des insitutions et organisations nationales membres en ordre de cotisation.<\/div>\n<div><span>P\u00e9riode du vote \u00e9lectronique pour les membres du comit\u00e9 ex\u00e9cutif :\u00a0<\/span><\/div>\n<div><span>18 novembre 2024\u00a0<\/span>au<span>\u00a0<\/span><b>25 novembre 2024<\/b>\u00a0(17\u00a0h \u2013 heure de Bruxelles)<\/div>\n<div><\/div>\n<div>Le lien pour acc\u00e9der au vote \u00e9lectronique pour les candidats \u00e0 la pr\u00e9sidence de FINE sera envoy\u00e9<span>\u00a0<\/span><span>par courriel, le 25 novembre 2024<\/span>, aux repr\u00e9sentants des insitutions et organisations nationales membres en ordre de cotisation.<\/div>\n<div><span>P\u00e9riode du vote \u00e9lectronique pour la pr\u00e9sidence :\u00a0<\/span><\/div>\n<div><span>25 novembre 2024\u00a0<\/span>au<span>\u00a0<\/span><b>29 novembre 2024<\/b>\u00a0(17\u00a0h \u2013 heure de Bruxelles)<\/div>\n<\/div>\n<div><\/div>\n<div><span style=\"color: #3366ff;\"><strong>R\u00e9sultats<\/strong><\/span><\/div>\n<div><\/div>\n<div>Les r\u00e9sultats seront diffus\u00e9s lors de l&#8217;AG du 5 d\u00e9cembre et affich\u00e9s sur le site web de FINE.<\/div>\n<p>[\/et_pb_text][\/et_pb_column][et_pb_column type=&#8221;1_2&#8243; _builder_version=&#8221;4.27.2&#8243; _module_preset=&#8221;default&#8221; global_colors_info=&#8221;{}&#8221;][et_pb_text _builder_version=&#8221;4.27.2&#8243; _module_preset=&#8221;default&#8221; hover_enabled=&#8221;0&#8243; global_colors_info=&#8221;{}&#8221; sticky_enabled=&#8221;0&#8243;]<\/p>\n<h2 style=\"text-align: center;\"><strong>FINE Elections<\/strong><\/h2>\n<div><span style=\"color: #3366ff;\"><strong>Term of office 2024-2027<\/strong><\/span><\/div>\n<p>Discover the candidates standing for election to the FINE Europe Executive Committee.<\/p>\n<p>The current mandate of all members of the FINE Executive Committee will expire at the end of the Annual General Meeting on 5 December 2024. Consequently elections will be held this year to elect, in accordance with the FINE statutes :<\/p>\n<p><em>&#8220;A Board of Directors consisting of <strong>at least five members<\/strong>. The members of the Board of Directors shall, as far as possible, come from different countries. The members of the Board of Directors are elected by the General Assembly on the basis of one or more candidatures from the collective members&#8221;.<\/em><\/p>\n<p>All FINE members may vote if their membership fees are in order on <strong>15 November 2024<\/strong>.<br \/>Institutional members have one vote, national organisation members have 2 votes.<br \/>The term of office of a\u00a0director is three years and may be renewed.<\/p>\n<div><span style=\"color: #3366ff;\"><strong>Important dates<\/strong><\/span><\/div>\n<ul>\n<li>Nomination period :\u00a0Closed<\/li>\n<li>Membership deadline for voting as an institutional member (1 vote) and as a national organisation member (2 votes) : 15th November 2024<\/li>\n<li>Election campaign : 26 October to 17 November 2024<\/li>\n<\/ul>\n<div><\/div>\n<div><span style=\"color: #3366ff;\"><strong>Voting form<\/strong><\/span><\/div>\n<div><\/div>\n<div>The link to access the electronic vote for candidates for the Executive Committee will be sent by e-mail on <strong>18 November 2024<\/strong> to the representatives of insitutions and national member organisations in good standing.<\/div>\n<div>Period of electronic voting for Executive Committee members :\u00a018 November 2024 to 25 November 2024 (5 p.m. Brussels time)<\/div>\n<div><\/div>\n<div>The link to access the electronic vote for the candidates to the presidency of FINE will be sent by e-mail, on <strong>25 November 2024<\/strong>, to the representatives of the insitutions and national member organisations in good standing.<\/div>\n<div>Period of electronic voting for the Presidency :\u00a025 November 2024 to 29 November 2024 (5 p.m. Brussels time).<\/div>\n<div><\/div>\n<div><span style=\"color: #3366ff;\"><strong>Results<\/strong><\/span><\/div>\n<div><\/div>\n<div>The results will be announced at the General Assembly on 5 December and posted on the FINE website.<\/div>\n<p>[\/et_pb_text][\/et_pb_column][\/et_pb_row][et_pb_row _builder_version=&#8221;4.27.2&#8243; _module_preset=&#8221;default&#8221; global_colors_info=&#8221;{}&#8221;][et_pb_column type=&#8221;4_4&#8243; _builder_version=&#8221;4.27.2&#8243; _module_preset=&#8221;default&#8221; global_colors_info=&#8221;{}&#8221;][et_pb_text _builder_version=&#8221;4.27.2&#8243; _module_preset=&#8221;default&#8221; global_colors_info=&#8221;{}&#8221;]<\/p>\n<h1 style=\"text-align: center;\"><strong>Candidats<\/strong><\/h1>\n<p>[\/et_pb_text][\/et_pb_column][\/et_pb_row][et_pb_row column_structure=&#8221;1_4,1_4,1_4,1_4&#8243; _builder_version=&#8221;4.27.2&#8243; _module_preset=&#8221;default&#8221; global_colors_info=&#8221;{}&#8221;][et_pb_column type=&#8221;1_4&#8243; _builder_version=&#8221;4.27.2&#8243; _module_preset=&#8221;default&#8221; global_colors_info=&#8221;{}&#8221;][et_pb_image src=&#8221;https:\/\/www.fine-europe.eu\/wp-content\/uploads\/cfdb7_uploads\/17274240128c12901420-file-544-DSC_7671.jpg&#8221; _builder_version=&#8221;4.27.2&#8243; _module_preset=&#8221;default&#8221; global_colors_info=&#8221;{}&#8221;][\/et_pb_image][et_pb_text _builder_version=&#8221;4.27.2&#8243; _module_preset=&#8221;default&#8221; hover_enabled=&#8221;0&#8243; global_colors_info=&#8221;{}&#8221; sticky_enabled=&#8221;0&#8243;]<\/p>\n<h2>Dr Mirko Prosen<\/h2>\n<p>Faculty of Health Sciences, University of Primorska, Slovenia<\/p>\n<p>[\/et_pb_text][et_pb_button _builder_version=&#8221;4.27.2&#8243; _module_preset=&#8221;default&#8221; button_text=&#8221;Cover letter&#8221; module_class=&#8221;wow-modal-id-5&#8243; hover_enabled=&#8221;0&#8243; sticky_enabled=&#8221;0&#8243; custom_padding=&#8221;||||false|false&#8221;][\/et_pb_button][et_pb_button _builder_version=&#8221;4.27.2&#8243; _module_preset=&#8221;default&#8221; button_text=&#8221;Biography&#8221; module_class=&#8221;wow-modal-id-6&#8243; hover_enabled=&#8221;0&#8243; sticky_enabled=&#8221;0&#8243;][\/et_pb_button][\/et_pb_column][et_pb_column type=&#8221;1_4&#8243; _builder_version=&#8221;4.27.2&#8243; _module_preset=&#8221;default&#8221; global_colors_info=&#8221;{}&#8221;][et_pb_image src=&#8221;https:\/\/www.fine-europe.eu\/wp-content\/uploads\/2024\/10\/Screenshot-2024-10-24-at-17.55.24.png&#8221; title_text=&#8221;Screenshot 2024-10-24 at 17.55.24&#8243; _builder_version=&#8221;4.27.2&#8243; _module_preset=&#8221;default&#8221; global_colors_info=&#8221;{}&#8221;][\/et_pb_image][et_pb_text _builder_version=&#8221;4.27.2&#8243; _module_preset=&#8221;default&#8221; hover_enabled=&#8221;0&#8243; global_colors_info=&#8221;{}&#8221; sticky_enabled=&#8221;0&#8243;]<\/p>\n<h2>Prof Antonio Bonacaro<\/h2>\n<p><span>Associate Professor in Nursing, University of Parma, Italy<\/span><\/p>\n<p>[\/et_pb_text][et_pb_button _builder_version=&#8221;4.27.2&#8243; _module_preset=&#8221;default&#8221; button_text=&#8221;Cover letter&#8221; module_class=&#8221;wow-modal-id-8&#8243; hover_enabled=&#8221;0&#8243; sticky_enabled=&#8221;0&#8243; custom_padding=&#8221;||||false|false&#8221;][\/et_pb_button][et_pb_button _builder_version=&#8221;4.27.2&#8243; _module_preset=&#8221;default&#8221; button_text=&#8221;Biography&#8221; module_class=&#8221;wow-modal-id-7&#8243; hover_enabled=&#8221;0&#8243; sticky_enabled=&#8221;0&#8243;][\/et_pb_button][\/et_pb_column][et_pb_column type=&#8221;1_4&#8243; _builder_version=&#8221;4.27.2&#8243; _module_preset=&#8221;default&#8221; global_colors_info=&#8221;{}&#8221;][et_pb_image src=&#8221;https:\/\/www.fine-europe.eu\/wp-content\/uploads\/2024\/10\/Screenshot-2024-10-24-at-18.03.19.png&#8221; title_text=&#8221;Screenshot 2024-10-24 at 18.03.19&#8243; _builder_version=&#8221;4.27.2&#8243; _module_preset=&#8221;default&#8221; global_colors_info=&#8221;{}&#8221;][\/et_pb_image][et_pb_text _builder_version=&#8221;4.27.2&#8243; _module_preset=&#8221;default&#8221; hover_enabled=&#8221;0&#8243; global_colors_info=&#8221;{}&#8221; sticky_enabled=&#8221;0&#8243;]<\/p>\n<h2>Dr Olivier Morenon<\/h2>\n<p><span>Ma\u00eetre d\u2019enseignement \u00e0 la Haute \u00e9cole sp\u00e9cialis\u00e9e de Suisse<\/span><\/p>\n<p>[\/et_pb_text][et_pb_button _builder_version=&#8221;4.27.2&#8243; _module_preset=&#8221;default&#8221; button_text=&#8221;Cover letter&#8221; module_class=&#8221;wow-modal-id-9&#8243; hover_enabled=&#8221;0&#8243; sticky_enabled=&#8221;0&#8243; custom_padding=&#8221;||||false|false&#8221;][\/et_pb_button][et_pb_button _builder_version=&#8221;4.27.2&#8243; _module_preset=&#8221;default&#8221; button_text=&#8221;Biography&#8221; module_class=&#8221;wow-modal-id-10&#8243; hover_enabled=&#8221;0&#8243; sticky_enabled=&#8221;0&#8243;][\/et_pb_button][\/et_pb_column][et_pb_column type=&#8221;1_4&#8243; _builder_version=&#8221;4.27.2&#8243; _module_preset=&#8221;default&#8221; global_colors_info=&#8221;{}&#8221;][et_pb_image src=&#8221;https:\/\/www.fine-europe.eu\/wp-content\/uploads\/cfdb7_uploads\/1728486634c08e85ae3e-file-544-Photo_SARA-PINTO-Portugal.jpg&#8221; title_text=&#8221;Screenshot 2024-10-24 at 18.03.19&#8243; _builder_version=&#8221;4.27.2&#8243; _module_preset=&#8221;default&#8221; global_colors_info=&#8221;{}&#8221;][\/et_pb_image][et_pb_text admin_label=&#8221;Texte&#8221; _builder_version=&#8221;4.27.2&#8243; _module_preset=&#8221;default&#8221; hover_enabled=&#8221;0&#8243; global_colors_info=&#8221;{}&#8221; sticky_enabled=&#8221;0&#8243;]<\/p>\n<h2>Prof Sara Pinto<\/h2>\n<p>Scientific coordination of the <em>Portuguese Observatory of Palliative Care<\/em>. Portugal<\/p>\n<p>[\/et_pb_text][et_pb_button _builder_version=&#8221;4.27.2&#8243; _module_preset=&#8221;default&#8221; button_text=&#8221;Cover letter&#8221; module_class=&#8221;wow-modal-id-12&#8243; hover_enabled=&#8221;0&#8243; sticky_enabled=&#8221;0&#8243; custom_padding=&#8221;||||false|false&#8221;][\/et_pb_button][et_pb_button _builder_version=&#8221;4.27.2&#8243; _module_preset=&#8221;default&#8221; button_text=&#8221;Biography&#8221; module_class=&#8221;wow-modal-id-11&#8243; hover_enabled=&#8221;0&#8243; sticky_enabled=&#8221;0&#8243;][\/et_pb_button][\/et_pb_column][\/et_pb_row][et_pb_row _builder_version=&#8221;4.27.2&#8243; _module_preset=&#8221;default&#8221; global_colors_info=&#8221;{}&#8221;][et_pb_column type=&#8221;4_4&#8243; _builder_version=&#8221;4.27.2&#8243; _module_preset=&#8221;default&#8221; global_colors_info=&#8221;{}&#8221;][et_pb_divider _builder_version=&#8221;4.27.2&#8243; _module_preset=&#8221;default&#8221; global_colors_info=&#8221;{}&#8221;][\/et_pb_divider][\/et_pb_column][\/et_pb_row][et_pb_row column_structure=&#8221;1_4,1_4,1_4,1_4&#8243; _builder_version=&#8221;4.27.2&#8243; _module_preset=&#8221;default&#8221; global_colors_info=&#8221;{}&#8221;][et_pb_column type=&#8221;1_4&#8243; _builder_version=&#8221;4.27.2&#8243; _module_preset=&#8221;default&#8221; global_colors_info=&#8221;{}&#8221;][et_pb_image src=&#8221;https:\/\/www.fine-europe.eu\/wp-content\/uploads\/cfdb7_uploads\/172856780738498a4f33-file-544-C.Dury-1-2.jpg&#8221; title_text=&#8221;Screenshot 2024-10-24 at 18.03.19&#8243; _builder_version=&#8221;4.27.2&#8243; _module_preset=&#8221;default&#8221; global_colors_info=&#8221;{}&#8221;][\/et_pb_image][et_pb_text _builder_version=&#8221;4.27.2&#8243; _module_preset=&#8221;default&#8221; hover_enabled=&#8221;0&#8243; global_colors_info=&#8221;{}&#8221; sticky_enabled=&#8221;0&#8243;]<\/p>\n<h2>Ms C\u00e9cile Dury<\/h2>\n<p><span>Dean of the Health care Sector Haute-Ecole de Namur-Li\u00e8ge-Luxembourg<\/span><br \/>Belgium<\/p>\n<p>[\/et_pb_text][et_pb_button _builder_version=&#8221;4.27.2&#8243; _module_preset=&#8221;default&#8221; button_text=&#8221;Cover letter&#8221; module_class=&#8221;wow-modal-id-13&#8243; hover_enabled=&#8221;0&#8243; sticky_enabled=&#8221;0&#8243; custom_padding=&#8221;||||false|false&#8221;][\/et_pb_button][et_pb_button _builder_version=&#8221;4.27.2&#8243; _module_preset=&#8221;default&#8221; button_text=&#8221;Biography&#8221; module_class=&#8221;wow-modal-id-14&#8243; hover_enabled=&#8221;0&#8243; sticky_enabled=&#8221;0&#8243;][\/et_pb_button][\/et_pb_column][et_pb_column type=&#8221;1_4&#8243; _builder_version=&#8221;4.27.2&#8243; _module_preset=&#8221;default&#8221; global_colors_info=&#8221;{}&#8221;][et_pb_image src=&#8221;https:\/\/www.fine-europe.eu\/wp-content\/uploads\/cfdb7_uploads\/1728719114a506d1c908-file-544-Maria-Cassar-image.jpg&#8221; title_text=&#8221;Screenshot 2024-10-24 at 18.03.19&#8243; _builder_version=&#8221;4.27.2&#8243; _module_preset=&#8221;default&#8221; global_colors_info=&#8221;{}&#8221;][\/et_pb_image][et_pb_text _builder_version=&#8221;4.27.2&#8243; _module_preset=&#8221;default&#8221; hover_enabled=&#8221;0&#8243; global_colors_info=&#8221;{}&#8221; sticky_enabled=&#8221;0&#8243;]<\/p>\n<h2>Associate professor Maria Cassar<\/h2>\n<p>Resident academic at the Department of Nursing at the University of Malta, Malta<\/p>\n<p>[\/et_pb_text][et_pb_button _builder_version=&#8221;4.27.2&#8243; _module_preset=&#8221;default&#8221; button_text=&#8221;Cover letter&#8221; module_class=&#8221;wow-modal-id-16&#8243; hover_enabled=&#8221;0&#8243; sticky_enabled=&#8221;0&#8243; custom_padding=&#8221;||||false|false&#8221;][\/et_pb_button][et_pb_button _builder_version=&#8221;4.27.2&#8243; _module_preset=&#8221;default&#8221; button_text=&#8221;Biography&#8221; module_class=&#8221;wow-modal-id-15&#8243; hover_enabled=&#8221;0&#8243; sticky_enabled=&#8221;0&#8243;][\/et_pb_button][\/et_pb_column][et_pb_column type=&#8221;1_4&#8243; _builder_version=&#8221;4.27.2&#8243; _module_preset=&#8221;default&#8221; global_colors_info=&#8221;{}&#8221;][et_pb_image src=&#8221;https:\/\/www.fine-europe.eu\/wp-content\/uploads\/2024\/10\/Screenshot-2024-10-25-at-10.20.46.png&#8221; title_text=&#8221;Screenshot 2024-10-25 at 10.20.46&#8243; _builder_version=&#8221;4.27.2&#8243; _module_preset=&#8221;default&#8221; global_colors_info=&#8221;{}&#8221;][\/et_pb_image][et_pb_text _builder_version=&#8221;4.27.2&#8243; _module_preset=&#8221;default&#8221; hover_enabled=&#8221;0&#8243; global_colors_info=&#8221;{}&#8221; sticky_enabled=&#8221;0&#8243;]<\/p>\n<h2>PhD candidate Besarta Taganoviq<\/h2>\n<p>Dean of the Faculty of Health and Nursing Sciences at Heimerer College in Pristina, Kosovo.<\/p>\n<p>[\/et_pb_text][et_pb_button _builder_version=&#8221;4.27.2&#8243; _module_preset=&#8221;default&#8221; button_text=&#8221;Cover letter&#8221; module_class=&#8221;wow-modal-id-17&#8243; hover_enabled=&#8221;0&#8243; sticky_enabled=&#8221;0&#8243; custom_padding=&#8221;||||false|false&#8221;][\/et_pb_button][et_pb_button _builder_version=&#8221;4.27.2&#8243; _module_preset=&#8221;default&#8221; button_text=&#8221;Biography&#8221; module_class=&#8221;wow-modal-id-18&#8243; hover_enabled=&#8221;0&#8243; sticky_enabled=&#8221;0&#8243;][\/et_pb_button][\/et_pb_column][et_pb_column type=&#8221;1_4&#8243; _builder_version=&#8221;4.27.2&#8243; _module_preset=&#8221;default&#8221; global_colors_info=&#8221;{}&#8221;][et_pb_image src=&#8221;https:\/\/www.fine-europe.eu\/wp-content\/uploads\/2022\/04\/JEZEGOU-Jean-Franc%CC%A7ois_ALSACE-2-2.jpeg&#8221; title_text=&#8221;Screenshot 2024-10-25 at 10.20.46&#8243; _builder_version=&#8221;4.27.2&#8243; _module_preset=&#8221;default&#8221; global_colors_info=&#8221;{}&#8221;][\/et_pb_image][et_pb_text _builder_version=&#8221;4.27.2&#8243; _module_preset=&#8221;default&#8221; hover_enabled=&#8221;0&#8243; global_colors_info=&#8221;{}&#8221; sticky_enabled=&#8221;0&#8243;]<\/p>\n<h2>Mr Jean-Fran\u00e7ois Jezegou<\/h2>\n<p>Directeur de l\u2019Institut de Formation en Soins Infirmiers Saint Vincent, France<\/p>\n<p>[\/et_pb_text][et_pb_button _builder_version=&#8221;4.27.2&#8243; _module_preset=&#8221;default&#8221; button_text=&#8221;Cover letter&#8221; module_class=&#8221;wow-modal-id-20&#8243; hover_enabled=&#8221;0&#8243; sticky_enabled=&#8221;0&#8243; custom_padding=&#8221;||||false|false&#8221;][\/et_pb_button][et_pb_button _builder_version=&#8221;4.27.2&#8243; _module_preset=&#8221;default&#8221; button_text=&#8221;Biography&#8221; module_class=&#8221;wow-modal-id-19&#8243; hover_enabled=&#8221;0&#8243; sticky_enabled=&#8221;0&#8243;][\/et_pb_button][\/et_pb_column][\/et_pb_row][et_pb_row _builder_version=&#8221;4.27.2&#8243; _module_preset=&#8221;default&#8221; global_colors_info=&#8221;{}&#8221;][et_pb_column type=&#8221;4_4&#8243; _builder_version=&#8221;4.27.2&#8243; _module_preset=&#8221;default&#8221; global_colors_info=&#8221;{}&#8221;][et_pb_divider _builder_version=&#8221;4.27.2&#8243; _module_preset=&#8221;default&#8221; global_colors_info=&#8221;{}&#8221;][\/et_pb_divider][\/et_pb_column][\/et_pb_row][et_pb_row column_structure=&#8221;1_4,1_4,1_4,1_4&#8243; _builder_version=&#8221;4.27.2&#8243; _module_preset=&#8221;default&#8221; global_colors_info=&#8221;{}&#8221;][et_pb_column type=&#8221;1_4&#8243; _builder_version=&#8221;4.27.2&#8243; _module_preset=&#8221;default&#8221; global_colors_info=&#8221;{}&#8221;][et_pb_image src=&#8221;https:\/\/www.fine-europe.eu\/wp-content\/uploads\/cfdb7_uploads\/1728978038ad26b522d3-file-544-foto.jpg&#8221; title_text=&#8221;Screenshot 2024-10-25 at 10.20.46&#8243; _builder_version=&#8221;4.27.2&#8243; _module_preset=&#8221;default&#8221; global_colors_info=&#8221;{}&#8221;][\/et_pb_image][et_pb_text _builder_version=&#8221;4.27.2&#8243; _module_preset=&#8221;default&#8221; hover_enabled=&#8221;0&#8243; global_colors_info=&#8221;{}&#8221; sticky_enabled=&#8221;0&#8243;]<\/p>\n<h2>Dr Dimitris Theofanidis<\/h2>\n<p>Associate Professor at the Department of Nursing of the International University of Greece.<\/p>\n<p>[\/et_pb_text][et_pb_button _builder_version=&#8221;4.27.2&#8243; _module_preset=&#8221;default&#8221; button_text=&#8221;Cover letter&#8221; module_class=&#8221;wow-modal-id-4&#8243; hover_enabled=&#8221;0&#8243; sticky_enabled=&#8221;0&#8243; custom_padding=&#8221;||||false|false&#8221;][\/et_pb_button][et_pb_button _builder_version=&#8221;4.27.2&#8243; _module_preset=&#8221;default&#8221; button_text=&#8221;Biography&#8221; module_class=&#8221;wow-modal-id-3&#8243; hover_enabled=&#8221;0&#8243; sticky_enabled=&#8221;0&#8243;][\/et_pb_button][\/et_pb_column][et_pb_column type=&#8221;1_4&#8243; _builder_version=&#8221;4.27.2&#8243; _module_preset=&#8221;default&#8221; global_colors_info=&#8221;{}&#8221;][et_pb_image src=&#8221;https:\/\/www.fine-europe.eu\/wp-content\/uploads\/2024\/10\/Screenshot-2024-10-25-at-10.58.08.png&#8221; title_text=&#8221;Screenshot 2024-10-25 at 10.58.08&#8243; _builder_version=&#8221;4.27.2&#8243; _module_preset=&#8221;default&#8221; global_colors_info=&#8221;{}&#8221;][\/et_pb_image][et_pb_text _builder_version=&#8221;4.27.2&#8243; _module_preset=&#8221;default&#8221; hover_enabled=&#8221;0&#8243; global_colors_info=&#8221;{}&#8221; sticky_enabled=&#8221;0&#8243;]<\/p>\n<h2>Prof. Helga Bragad\u00f3ttir<\/h2>\n<p>Dean, Professor and Chair Nursing Administration, at the University of Iceland Faculty of Nursing and Midwifery<\/p>\n<p>[\/et_pb_text][et_pb_button _builder_version=&#8221;4.27.2&#8243; _module_preset=&#8221;default&#8221; button_text=&#8221;Cover letter&#8221; module_class=&#8221;wow-modal-id-2&#8243; hover_enabled=&#8221;0&#8243; sticky_enabled=&#8221;0&#8243; custom_padding=&#8221;||||false|false&#8221;][\/et_pb_button][et_pb_button _builder_version=&#8221;4.27.2&#8243; _module_preset=&#8221;default&#8221; button_text=&#8221;Biography&#8221; module_class=&#8221;wow-modal-id-1&#8243; hover_enabled=&#8221;0&#8243; sticky_enabled=&#8221;0&#8243;][\/et_pb_button][\/et_pb_column][et_pb_column type=&#8221;1_4&#8243; _builder_version=&#8221;4.27.2&#8243; _module_preset=&#8221;default&#8221; global_colors_info=&#8221;{}&#8221;][\/et_pb_column][et_pb_column type=&#8221;1_4&#8243; _builder_version=&#8221;4.27.2&#8243; _module_preset=&#8221;default&#8221; global_colors_info=&#8221;{}&#8221;][\/et_pb_column][\/et_pb_row][\/et_pb_section]<\/p>\n","protected":false},"excerpt":{"rendered":"<p>Elections FINE Mandat 2024-2027 D\u00e9couvrez les candidates et candidats en lice pour les \u00e9lections au comit\u00e9 ex\u00e9cutif de FINE Europe. Le mandat actuel de tous(tes) les membres du comit\u00e9 ex\u00e9cutif de FINE viendra \u00e0 \u00e9ch\u00e9ance \u00e0 l\u2019issue de l\u2019assembl\u00e9e annuelle du 5 d\u00e9cembre 2024. Par cons\u00e9quent des \u00e9lections seront tenues cette ann\u00e9e afin d\u2019\u00e9lire, conform\u00e9ment [&hellip;]<\/p>\n","protected":false},"author":1,"featured_media":0,"parent":0,"menu_order":0,"comment_status":"closed","ping_status":"closed","template":"","meta":{"_et_pb_use_builder":"on","_et_pb_old_content":"","_et_gb_content_width":"","footnotes":""},"class_list":["post-3868","page","type-page","status-publish","hentry"],"_links":{"self":[{"href":"https:\/\/www.fine-europe.eu\/index.php?rest_route=\/wp\/v2\/pages\/3868","targetHints":{"allow":["GET"]}}],"collection":[{"href":"https:\/\/www.fine-europe.eu\/index.php?rest_route=\/wp\/v2\/pages"}],"about":[{"href":"https:\/\/www.fine-europe.eu\/index.php?rest_route=\/wp\/v2\/types\/page"}],"author":[{"embeddable":true,"href":"https:\/\/www.fine-europe.eu\/index.php?rest_route=\/wp\/v2\/users\/1"}],"replies":[{"embeddable":true,"href":"https:\/\/www.fine-europe.eu\/index.php?rest_route=%2Fwp%2Fv2%2Fcomments&post=3868"}],"version-history":[{"count":27,"href":"https:\/\/www.fine-europe.eu\/index.php?rest_route=\/wp\/v2\/pages\/3868\/revisions"}],"predecessor-version":[{"id":3921,"href":"https:\/\/www.fine-europe.eu\/index.php?rest_route=\/wp\/v2\/pages\/3868\/revisions\/3921"}],"wp:attachment":[{"href":"https:\/\/www.fine-europe.eu\/index.php?rest_route=%2Fwp%2Fv2%2Fmedia&parent=3868"}],"curies":[{"name":"wp","href":"https:\/\/api.w.org\/{rel}","templated":true}]}}