{"id":3260,"date":"2023-06-15T09:14:01","date_gmt":"2023-06-15T09:14:01","guid":{"rendered":"https:\/\/fine-europe.eu\/?page_id=3260"},"modified":"2023-06-20T09:19:25","modified_gmt":"2023-06-20T09:19:25","slug":"test-abstracts","status":"publish","type":"page","link":"https:\/\/www.fine-europe.eu\/?page_id=3260","title":{"rendered":"Formulaire d&#8217;appel \u00e0 communication"},"content":{"rendered":"\n[et_pb_section fb_built=&#8221;1&#8243; _builder_version=&#8221;4.21.0&#8243; _module_preset=&#8221;default&#8221; global_colors_info=&#8221;{}&#8221;][et_pb_row _builder_version=&#8221;4.21.0&#8243; _module_preset=&#8221;default&#8221; global_colors_info=&#8221;{}&#8221;][et_pb_column type=&#8221;4_4&#8243; _builder_version=&#8221;4.21.0&#8243; _module_preset=&#8221;default&#8221; global_colors_info=&#8221;{}&#8221;][et_pb_image src=&#8221;https:\/\/www.fine-europe.eu\/wp-content\/uploads\/2023\/05\/Screenshot-2023-05-30-at-16.53.39.png&#8221; title_text=&#8221;Conference Barcelone 2024&#8243; _builder_version=&#8221;4.21.0&#8243; _module_preset=&#8221;default&#8221; global_colors_info=&#8221;{}&#8221;][\/et_pb_image][\/et_pb_column][\/et_pb_row][et_pb_row _builder_version=&#8221;4.21.0&#8243; _module_preset=&#8221;default&#8221; global_colors_info=&#8221;{}&#8221;][et_pb_column type=&#8221;4_4&#8243; _builder_version=&#8221;4.21.0&#8243; _module_preset=&#8221;default&#8221; global_colors_info=&#8221;{}&#8221;][et_pb_text _builder_version=&#8221;4.21.0&#8243; _module_preset=&#8221;default&#8221; hover_enabled=&#8221;0&#8243; global_colors_info=&#8221;{}&#8221; sticky_enabled=&#8221;0&#8243;]<h2 style=\"text-align: center;\">APPEL \u00c0 COMMUNICATION<\/h2>[\/et_pb_text][\/et_pb_column][\/et_pb_row][et_pb_row _builder_version=&#8221;4.21.0&#8243; _module_preset=&#8221;default&#8221; global_colors_info=&#8221;{}&#8221;][et_pb_column type=&#8221;4_4&#8243; _builder_version=&#8221;4.21.0&#8243; _module_preset=&#8221;default&#8221; global_colors_info=&#8221;{}&#8221;][et_pb_code _builder_version=&#8221;4.21.0&#8243; _module_preset=&#8221;default&#8221; global_colors_info=&#8221;{}&#8221;]\n<div class=\"wpcf7 no-js\" id=\"wpcf7-f3259-o1\" lang=\"en-US\" dir=\"ltr\" data-wpcf7-id=\"3259\">\n<div class=\"screen-reader-response\"><p role=\"status\" aria-live=\"polite\" aria-atomic=\"true\"><\/p> <ul><\/ul><\/div>\n<form action=\"\/index.php?rest_route=%2Fwp%2Fv2%2Fpages%2F3260#wpcf7-f3259-o1\" method=\"post\" class=\"wpcf7-form init\" aria-label=\"Contact form\" enctype=\"multipart\/form-data\" novalidate=\"novalidate\" data-status=\"init\">\n<fieldset class=\"hidden-fields-container\"><input type=\"hidden\" name=\"_wpcf7\" value=\"3259\" \/><input type=\"hidden\" name=\"_wpcf7_version\" value=\"6.1.5\" \/><input type=\"hidden\" name=\"_wpcf7_locale\" value=\"en_US\" \/><input type=\"hidden\" name=\"_wpcf7_unit_tag\" value=\"wpcf7-f3259-o1\" \/><input type=\"hidden\" name=\"_wpcf7_container_post\" value=\"0\" \/><input type=\"hidden\" name=\"_wpcf7_posted_data_hash\" value=\"\" \/><input type=\"hidden\" name=\"_wpcf7_recaptcha_response\" value=\"\" \/>\n<\/fieldset>\n<div class=\"one-third\">\n\t<p><label> Votre position \/ titre (Mrs, Prof, Dr ...)<br \/>\n<span class=\"wpcf7-form-control-wrap\" data-name=\"your-title\"><input size=\"40\" maxlength=\"400\" class=\"wpcf7-form-control wpcf7-text wpcf7-validates-as-required\" autocomplete=\"name\" aria-required=\"true\" aria-invalid=\"false\" value=\"\" type=\"text\" name=\"your-title\" \/><\/span> <\/label>\n\t<\/p>\n<\/div>\n<div class=\"one-third\">\n\t<p><label> Votre nom<br \/>\n<span class=\"wpcf7-form-control-wrap\" data-name=\"your-lastname\"><input size=\"40\" maxlength=\"400\" class=\"wpcf7-form-control wpcf7-text wpcf7-validates-as-required\" autocomplete=\"name\" aria-required=\"true\" aria-invalid=\"false\" value=\"\" type=\"text\" name=\"your-lastname\" \/><\/span> <\/label>\n\t<\/p>\n<\/div>\n<div class=\"one-third last\">\n\t<p><label> Votre pr\u00e9nom<br \/>\n<span class=\"wpcf7-form-control-wrap\" data-name=\"your-firstname\"><input size=\"40\" maxlength=\"400\" class=\"wpcf7-form-control wpcf7-text wpcf7-validates-as-required\" autocomplete=\"name\" aria-required=\"true\" aria-invalid=\"false\" value=\"\" type=\"text\" name=\"your-firstname\" \/><\/span> <\/label>\n\t<\/p>\n<\/div>\n<div class=\"one-full\">\n\t<p><label> Votre email<br \/>\n<span class=\"wpcf7-form-control-wrap\" data-name=\"your-email\"><input size=\"40\" maxlength=\"400\" class=\"wpcf7-form-control wpcf7-email wpcf7-validates-as-required wpcf7-text wpcf7-validates-as-email\" autocomplete=\"email\" aria-required=\"true\" aria-invalid=\"false\" value=\"\" type=\"email\" name=\"your-email\" \/><\/span> <\/label>\n\t<\/p>\n<\/div>\n<div class=\"one-half\">\n\t<p><label> Vos affiliations (universit\u00e9, h\u00f4pital ...)<br \/>\n<span class=\"wpcf7-form-control-wrap\" data-name=\"your-affiliation\"><input size=\"40\" maxlength=\"400\" class=\"wpcf7-form-control wpcf7-text wpcf7-validates-as-required\" autocomplete=\"name\" aria-required=\"true\" aria-invalid=\"false\" value=\"\" type=\"text\" name=\"your-affiliation\" \/><\/span> <\/label>\n\t<\/p>\n<\/div>\n<div class=\"one-half last\">\n\t<p><label> Votre pays<br \/>\n<span class=\"wpcf7-form-control-wrap\" data-name=\"your-country\"><input size=\"40\" maxlength=\"400\" class=\"wpcf7-form-control wpcf7-text wpcf7-validates-as-required\" autocomplete=\"name\" aria-required=\"true\" aria-invalid=\"false\" value=\"\" type=\"text\" name=\"your-country\" \/><\/span> <\/label>\n\t<\/p>\n<\/div>\n<div class=\"one-half last\">\n\t<p><label> La langue de r\u00e9daction<br \/>\n<span class=\"wpcf7-form-control-wrap\" data-name=\"text-langage\"><select class=\"wpcf7-form-control wpcf7-select wpcf7-validates-as-required\" aria-required=\"true\" aria-invalid=\"false\" name=\"text-langage\"><option value=\"Fran\u00e7ais\">Fran\u00e7ais<\/option><option value=\"Angais\">Angais<\/option><\/select><\/span> <\/label>\n\t<\/p>\n<\/div>\n<div class=\"one-half last\">\n\t<p><label> La langue de pr\u00e9sentation<br \/>\n<span class=\"wpcf7-form-control-wrap\" data-name=\"pres-langage\"><select class=\"wpcf7-form-control wpcf7-select wpcf7-validates-as-required\" aria-required=\"true\" aria-invalid=\"false\" name=\"pres-langage\"><option value=\"Fran\u00e7ais\">Fran\u00e7ais<\/option><option value=\"Anglais\">Anglais<\/option><option value=\"Espagnol\">Espagnol<\/option><\/select><\/span> <\/label>\n\t<\/p>\n<\/div>\n<div class=\"one-full\">\n\t<p><label> Titre de la pr\u00e9sentation<br \/>\n<span class=\"wpcf7-form-control-wrap\" data-name=\"your-abstract-title\"><input size=\"40\" maxlength=\"400\" class=\"wpcf7-form-control wpcf7-text wpcf7-validates-as-required\" aria-required=\"true\" aria-invalid=\"false\" value=\"\" type=\"text\" name=\"your-abstract-title\" \/><\/span> <\/label>\n\t<\/p>\n<\/div>\n<div class=\"one-half\">\n\t<p><label> Mots clefs (3 \u00e0 5 demand\u00e9s)<\/label><br \/>\n<span class=\"wpcf7-form-control-wrap\" data-name=\"keyword-1\"><input size=\"40\" maxlength=\"400\" class=\"wpcf7-form-control wpcf7-text wpcf7-validates-as-required\" aria-required=\"true\" aria-invalid=\"false\" value=\"\" type=\"text\" name=\"keyword-1\" \/><\/span><br \/>\n<span class=\"wpcf7-form-control-wrap\" data-name=\"keyword-2\"><input size=\"40\" maxlength=\"400\" class=\"wpcf7-form-control wpcf7-text wpcf7-validates-as-required\" aria-required=\"true\" aria-invalid=\"false\" value=\"\" type=\"text\" name=\"keyword-2\" \/><\/span><br \/>\n<span class=\"wpcf7-form-control-wrap\" data-name=\"keyword-3\"><input size=\"40\" maxlength=\"400\" class=\"wpcf7-form-control wpcf7-text wpcf7-validates-as-required\" aria-required=\"true\" aria-invalid=\"false\" value=\"\" type=\"text\" name=\"keyword-3\" \/><\/span><br \/>\n<span class=\"wpcf7-form-control-wrap\" data-name=\"keyword-4\"><input size=\"40\" maxlength=\"400\" class=\"wpcf7-form-control wpcf7-text\" aria-invalid=\"false\" value=\"\" type=\"text\" name=\"keyword-4\" \/><\/span><br \/>\n<span class=\"wpcf7-form-control-wrap\" data-name=\"keyword-5\"><input size=\"40\" maxlength=\"400\" class=\"wpcf7-form-control wpcf7-text\" aria-invalid=\"false\" value=\"\" type=\"text\" name=\"keyword-5\" \/><\/span>\n\t<\/p>\n<\/div>\n<div class=\"one-full\">\n\t<p><b>En soumettant cette communication, j\u2019atteste qu'elle r\u00e9pond aux conditions suivantes :<\/b>\n\t<\/p>\n\t<p>- se pr\u00e9sente sous la forme d\u2019un abstract de maximum 400 mots (hors r\u00e9f\u00e9rences), contenant un titre, un r\u00e9sum\u00e9 et 3 \u00e0 5 mots-cl\u00e9s;<br \/>\n- constitue un th\u00e8me et un contenu originaux et respectant les droits d'auteur;<br \/>\n- est r\u00e9dig\u00e9e en anglais ou en fran\u00e7ais;<br \/>\n- refl\u00e8te le concept de durabilit\u00e9, c'est-\u00e0-dire \"r\u00e9pondre aux besoins du pr\u00e9sent sans compromettre la capacit\u00e9 des g\u00e9n\u00e9rations futures \u00e0 r\u00e9pondre \u00e0 leurs propres besoins'' (Commission Brundtland des Nations unies, 1987);<br \/>\n-s\u2019ins\u00e8re dans une des th\u00e9matiques cibl\u00e9es par la conf\u00e9rence.\n\t<\/p>\n<\/div>\n<div class=\"one-full\">\n\t<p><label>Veuillez choisir un th\u00e8me dans la liste ci-dessous.<br \/>\n<span class=\"wpcf7-form-control-wrap\" data-name=\"abstract-theme\"><select class=\"wpcf7-form-control wpcf7-select wpcf7-validates-as-required\" aria-required=\"true\" aria-invalid=\"false\" name=\"abstract-theme\"><option value=\"\">&#8212;Please choose an option&#8212;<\/option><option value=\"Innovations dans la formation infirmi\u00e8re\">Innovations dans la formation infirmi\u00e8re<\/option><option value=\"Favoriser l&#039;excellence clinique\">Favoriser l&#039;excellence clinique<\/option><option value=\"Diversit\u00e9 et inclusion dans la formation infirmi\u00e8re\">Diversit\u00e9 et inclusion dans la formation infirmi\u00e8re<\/option><option value=\"L&#039;avenir de la formation des enseignant.e.s infirmier.e.s\">L&#039;avenir de la formation des enseignant.e.s infirmier.e.s<\/option><\/select><\/span><\/label>\n\t<\/p>\n<\/div>\n<div class=\"one-full\">\n\t<p><b>Je prends connaissance et marque mon accord sur les \u00e9l\u00e9ments suivants :<\/b>\n\t<\/p>\n\t<p>- Les abstracts s\u00e9lectionn\u00e9s pour la conf\u00e9rence seront publi\u00e9s dans les actes de la conf\u00e9rence avec un num\u00e9ro ISBN.<br \/>\n- Chaque communication implique qu'au moins un de ses auteurs, autrices soit inscrit \u00e0 la conf\u00e9rence<br \/>\n- Une notification d\u2019acceptation ou de refus de la communication par le comit\u00e9 scientifique sera transmise par email aupr\u00e8s de la personne de contact renseign\u00e9e, pour le <b>30 novembre 2023<\/b>.\n\t<\/p>\n<\/div>\n<div class=\"one-half\">\n\t<p><label><b>Votre abstract au format PDF<\/b><\/label><br \/>\n<span class=\"wpcf7-form-control-wrap\" data-name=\"file-543\"><input size=\"40\" class=\"wpcf7-form-control wpcf7-file wpcf7-validates-as-required\" accept=\".pdf\" aria-required=\"true\" aria-invalid=\"false\" type=\"file\" name=\"file-543\" \/><\/span>\n\t<\/p>\n<\/div>\n<div class=\"one-half\">\n\t<p><input class=\"wpcf7-form-control wpcf7-submit has-spinner\" type=\"submit\" value=\"Soumettre\" \/>\n\t<\/p>\n<\/div><div class=\"wpcf7-response-output\" aria-hidden=\"true\"><\/div>\n<\/form>\n<\/div>\n[\/et_pb_code][\/et_pb_column][\/et_pb_row][\/et_pb_section]\n","protected":false},"excerpt":{"rendered":"<p>APPEL \u00c0 COMMUNICATION\n<div class=\"wpcf7 no-js\" id=\"wpcf7-f3259-o2\" lang=\"en-US\" dir=\"ltr\" data-wpcf7-id=\"3259\">\n<div class=\"screen-reader-response\"><p role=\"status\" aria-live=\"polite\" aria-atomic=\"true\"><\/p> <ul><\/ul><\/div>\n<form action=\"\/index.php?rest_route=%2Fwp%2Fv2%2Fpages%2F3260#wpcf7-f3259-o2\" method=\"post\" class=\"wpcf7-form init\" aria-label=\"Contact form\" enctype=\"multipart\/form-data\" novalidate=\"novalidate\" data-status=\"init\">\n<fieldset class=\"hidden-fields-container\"><input type=\"hidden\" name=\"_wpcf7\" value=\"3259\" \/><input type=\"hidden\" name=\"_wpcf7_version\" value=\"6.1.5\" \/><input type=\"hidden\" name=\"_wpcf7_locale\" value=\"en_US\" \/><input type=\"hidden\" name=\"_wpcf7_unit_tag\" value=\"wpcf7-f3259-o2\" \/><input type=\"hidden\" name=\"_wpcf7_container_post\" value=\"0\" \/><input type=\"hidden\" name=\"_wpcf7_posted_data_hash\" value=\"\" \/><input type=\"hidden\" name=\"_wpcf7_recaptcha_response\" value=\"\" \/>\n<\/fieldset>\n<div class=\"one-third\">\n\t<p><label> Votre position \/ titre (Mrs, Prof, Dr ...)<br \/>\n<span class=\"wpcf7-form-control-wrap\" data-name=\"your-title\"><input size=\"40\" maxlength=\"400\" class=\"wpcf7-form-control wpcf7-text wpcf7-validates-as-required\" autocomplete=\"name\" aria-required=\"true\" aria-invalid=\"false\" value=\"\" type=\"text\" name=\"your-title\" \/><\/span> <\/label>\n\t<\/p>\n<\/div>\n<div class=\"one-third\">\n\t<p><label> Votre nom<br \/>\n<span class=\"wpcf7-form-control-wrap\" data-name=\"your-lastname\"><input size=\"40\" maxlength=\"400\" class=\"wpcf7-form-control wpcf7-text wpcf7-validates-as-required\" autocomplete=\"name\" aria-required=\"true\" aria-invalid=\"false\" value=\"\" type=\"text\" name=\"your-lastname\" \/><\/span> <\/label>\n\t<\/p>\n<\/div>\n<div class=\"one-third last\">\n\t<p><label> Votre pr\u00e9nom<br \/>\n<span class=\"wpcf7-form-control-wrap\" data-name=\"your-firstname\"><input size=\"40\" maxlength=\"400\" class=\"wpcf7-form-control wpcf7-text wpcf7-validates-as-required\" autocomplete=\"name\" aria-required=\"true\" aria-invalid=\"false\" value=\"\" type=\"text\" name=\"your-firstname\" \/><\/span> <\/label>\n\t<\/p>\n<\/div>\n<div class=\"one-full\">\n\t<p><label> Votre email<br \/>\n<span class=\"wpcf7-form-control-wrap\" data-name=\"your-email\"><input size=\"40\" maxlength=\"400\" class=\"wpcf7-form-control wpcf7-email wpcf7-validates-as-required wpcf7-text wpcf7-validates-as-email\" autocomplete=\"email\" aria-required=\"true\" aria-invalid=\"false\" value=\"\" type=\"email\" name=\"your-email\" \/><\/span> <\/label>\n\t<\/p>\n<\/div>\n<div class=\"one-half\">\n\t<p><label> Vos affiliations (universit\u00e9, h\u00f4pital ...)<br \/>\n<span class=\"wpcf7-form-control-wrap\" data-name=\"your-affiliation\"><input size=\"40\" maxlength=\"400\" class=\"wpcf7-form-control wpcf7-text wpcf7-validates-as-required\" autocomplete=\"name\" aria-required=\"true\" aria-invalid=\"false\" value=\"\" type=\"text\" name=\"your-affiliation\" \/><\/span> <\/label>\n\t<\/p>\n<\/div>\n<div class=\"one-half last\">\n\t<p><label> Votre pays<br \/>\n<span class=\"wpcf7-form-control-wrap\" data-name=\"your-country\"><input size=\"40\" maxlength=\"400\" class=\"wpcf7-form-control wpcf7-text wpcf7-validates-as-required\" autocomplete=\"name\" aria-required=\"true\" aria-invalid=\"false\" value=\"\" type=\"text\" name=\"your-country\" \/><\/span> <\/label>\n\t<\/p>\n<\/div>\n<div class=\"one-half last\">\n\t<p><label> La langue de r\u00e9daction<br \/>\n<span class=\"wpcf7-form-control-wrap\" data-name=\"text-langage\"><select class=\"wpcf7-form-control wpcf7-select wpcf7-validates-as-required\" aria-required=\"true\" aria-invalid=\"false\" name=\"text-langage\"><option value=\"Fran\u00e7ais\">Fran\u00e7ais<\/option><option value=\"Angais\">Angais<\/option><\/select><\/span> <\/label>\n\t<\/p>\n<\/div>\n<div class=\"one-half last\">\n\t<p><label> La langue de pr\u00e9sentation<br \/>\n<span class=\"wpcf7-form-control-wrap\" data-name=\"pres-langage\"><select class=\"wpcf7-form-control wpcf7-select wpcf7-validates-as-required\" aria-required=\"true\" aria-invalid=\"false\" name=\"pres-langage\"><option value=\"Fran\u00e7ais\">Fran\u00e7ais<\/option><option value=\"Anglais\">Anglais<\/option><option value=\"Espagnol\">Espagnol<\/option><\/select><\/span> <\/label>\n\t<\/p>\n<\/div>\n<div class=\"one-full\">\n\t<p><label> Titre de la pr\u00e9sentation<br \/>\n<span class=\"wpcf7-form-control-wrap\" data-name=\"your-abstract-title\"><input size=\"40\" maxlength=\"400\" class=\"wpcf7-form-control wpcf7-text wpcf7-validates-as-required\" aria-required=\"true\" aria-invalid=\"false\" value=\"\" type=\"text\" name=\"your-abstract-title\" \/><\/span> <\/label>\n\t<\/p>\n<\/div>\n<div class=\"one-half\">\n\t<p><label> Mots clefs (3 \u00e0 5 demand\u00e9s)<\/label><br \/>\n<span class=\"wpcf7-form-control-wrap\" data-name=\"keyword-1\"><input size=\"40\" maxlength=\"400\" class=\"wpcf7-form-control wpcf7-text wpcf7-validates-as-required\" aria-required=\"true\" aria-invalid=\"false\" value=\"\" type=\"text\" name=\"keyword-1\" \/><\/span><br \/>\n<span class=\"wpcf7-form-control-wrap\" data-name=\"keyword-2\"><input size=\"40\" maxlength=\"400\" class=\"wpcf7-form-control wpcf7-text wpcf7-validates-as-required\" aria-required=\"true\" aria-invalid=\"false\" value=\"\" type=\"text\" name=\"keyword-2\" \/><\/span><br \/>\n<span class=\"wpcf7-form-control-wrap\" data-name=\"keyword-3\"><input size=\"40\" maxlength=\"400\" class=\"wpcf7-form-control wpcf7-text wpcf7-validates-as-required\" aria-required=\"true\" aria-invalid=\"false\" value=\"\" type=\"text\" name=\"keyword-3\" \/><\/span><br \/>\n<span class=\"wpcf7-form-control-wrap\" data-name=\"keyword-4\"><input size=\"40\" maxlength=\"400\" class=\"wpcf7-form-control wpcf7-text\" aria-invalid=\"false\" value=\"\" type=\"text\" name=\"keyword-4\" \/><\/span><br \/>\n<span class=\"wpcf7-form-control-wrap\" data-name=\"keyword-5\"><input size=\"40\" maxlength=\"400\" class=\"wpcf7-form-control wpcf7-text\" aria-invalid=\"false\" value=\"\" type=\"text\" name=\"keyword-5\" \/><\/span>\n\t<\/p>\n<\/div>\n<div class=\"one-full\">\n\t<p><b>En soumettant cette communication, j\u2019atteste qu'elle r\u00e9pond aux conditions suivantes :<\/b>\n\t<\/p>\n\t<p>- se pr\u00e9sente sous la forme d\u2019un abstract de maximum 400 mots (hors r\u00e9f\u00e9rences), contenant un titre, un r\u00e9sum\u00e9 et 3 \u00e0 5 mots-cl\u00e9s;<br \/>\n- constitue un th\u00e8me et un contenu originaux et respectant les droits d'auteur;<br \/>\n- est r\u00e9dig\u00e9e en anglais ou en fran\u00e7ais;<br \/>\n- refl\u00e8te le concept de durabilit\u00e9, c'est-\u00e0-dire \"r\u00e9pondre aux besoins du pr\u00e9sent sans compromettre la capacit\u00e9 des g\u00e9n\u00e9rations futures \u00e0 r\u00e9pondre \u00e0 leurs propres besoins'' (Commission Brundtland des Nations unies, 1987);<br \/>\n-s\u2019ins\u00e8re dans une des th\u00e9matiques cibl\u00e9es par la conf\u00e9rence.\n\t<\/p>\n<\/div>\n<div class=\"one-full\">\n\t<p><label>Veuillez choisir un th\u00e8me dans la liste ci-dessous.<br \/>\n<span class=\"wpcf7-form-control-wrap\" data-name=\"abstract-theme\"><select class=\"wpcf7-form-control wpcf7-select wpcf7-validates-as-required\" aria-required=\"true\" aria-invalid=\"false\" name=\"abstract-theme\"><option value=\"\">&#8212;Please choose an option&#8212;<\/option><option value=\"Innovations dans la formation infirmi\u00e8re\">Innovations dans la formation infirmi\u00e8re<\/option><option value=\"Favoriser l&#039;excellence clinique\">Favoriser l&#039;excellence clinique<\/option><option value=\"Diversit\u00e9 et inclusion dans la formation infirmi\u00e8re\">Diversit\u00e9 et inclusion dans la formation infirmi\u00e8re<\/option><option value=\"L&#039;avenir de la formation des enseignant.e.s infirmier.e.s\">L&#039;avenir de la formation des enseignant.e.s infirmier.e.s<\/option><\/select><\/span><\/label>\n\t<\/p>\n<\/div>\n<div class=\"one-full\">\n\t<p><b>Je prends connaissance et marque mon accord sur les \u00e9l\u00e9ments suivants :<\/b>\n\t<\/p>\n\t<p>- Les abstracts s\u00e9lectionn\u00e9s pour la conf\u00e9rence seront publi\u00e9s dans les actes de la conf\u00e9rence avec un num\u00e9ro ISBN.<br \/>\n- Chaque communication implique qu'au moins un de ses auteurs, autrices soit inscrit \u00e0 la conf\u00e9rence<br \/>\n- Une notification d\u2019acceptation ou de refus de la communication par le comit\u00e9 scientifique sera transmise par email aupr\u00e8s de la personne de contact renseign\u00e9e, pour le <b>30 novembre 2023<\/b>.\n\t<\/p>\n<\/div>\n<div class=\"one-half\">\n\t<p><label><b>Votre abstract au format PDF<\/b><\/label><br \/>\n<span class=\"wpcf7-form-control-wrap\" data-name=\"file-543\"><input size=\"40\" class=\"wpcf7-form-control wpcf7-file wpcf7-validates-as-required\" accept=\".pdf\" aria-required=\"true\" aria-invalid=\"false\" type=\"file\" name=\"file-543\" \/><\/span>\n\t<\/p>\n<\/div>\n<div class=\"one-half\">\n\t<p><input class=\"wpcf7-form-control wpcf7-submit has-spinner\" type=\"submit\" value=\"Soumettre\" \/>\n\t<\/p>\n<\/div><div class=\"wpcf7-response-output\" aria-hidden=\"true\"><\/div>\n<\/form>\n<\/div>\n<\/p>\n","protected":false},"author":1,"featured_media":0,"parent":0,"menu_order":0,"comment_status":"closed","ping_status":"closed","template":"","meta":{"_et_pb_use_builder":"on","_et_pb_old_content":"","_et_gb_content_width":"","footnotes":""},"class_list":["post-3260","page","type-page","status-publish","hentry"],"_links":{"self":[{"href":"https:\/\/www.fine-europe.eu\/index.php?rest_route=\/wp\/v2\/pages\/3260","targetHints":{"allow":["GET"]}}],"collection":[{"href":"https:\/\/www.fine-europe.eu\/index.php?rest_route=\/wp\/v2\/pages"}],"about":[{"href":"https:\/\/www.fine-europe.eu\/index.php?rest_route=\/wp\/v2\/types\/page"}],"author":[{"embeddable":true,"href":"https:\/\/www.fine-europe.eu\/index.php?rest_route=\/wp\/v2\/users\/1"}],"replies":[{"embeddable":true,"href":"https:\/\/www.fine-europe.eu\/index.php?rest_route=%2Fwp%2Fv2%2Fcomments&post=3260"}],"version-history":[{"count":6,"href":"https:\/\/www.fine-europe.eu\/index.php?rest_route=\/wp\/v2\/pages\/3260\/revisions"}],"predecessor-version":[{"id":3269,"href":"https:\/\/www.fine-europe.eu\/index.php?rest_route=\/wp\/v2\/pages\/3260\/revisions\/3269"}],"wp:attachment":[{"href":"https:\/\/www.fine-europe.eu\/index.php?rest_route=%2Fwp%2Fv2%2Fmedia&parent=3260"}],"curies":[{"name":"wp","href":"https:\/\/api.w.org\/{rel}","templated":true}]}}