{"id":2980,"date":"2022-04-13T14:51:46","date_gmt":"2022-04-13T14:51:46","guid":{"rendered":"https:\/\/fine-europe.eu\/?page_id=2980"},"modified":"2025-01-06T15:05:40","modified_gmt":"2025-01-06T15:05:40","slug":"jean-francois-jezegou-tresoriere","status":"publish","type":"page","link":"https:\/\/www.fine-europe.eu\/?page_id=2980","title":{"rendered":"Jean-Fran\u00e7ois J\u00e9z\u00e9gou, Tr\u00e9sorier"},"content":{"rendered":"<p>[et_pb_section fb_built=&#8221;1&#8243; _builder_version=&#8221;4.16&#8243; global_colors_info=&#8221;{}&#8221;][et_pb_row column_structure=&#8221;2_5,3_5&#8243; _builder_version=&#8221;4.16&#8243; global_colors_info=&#8221;{}&#8221;][et_pb_column type=&#8221;2_5&#8243; _builder_version=&#8221;4.16&#8243; global_colors_info=&#8221;{}&#8221;][et_pb_image src=&#8221;https:\/\/www.fine-europe.eu\/wp-content\/uploads\/2022\/04\/JEZEGOU-Jean-Franc\u0327ois_ALSACE-2-3.jpeg&#8221; title_text=&#8221;JEZEGOU Jean Franc\u0327ois_ALSACE (2)&#8221; align=&#8221;center&#8221; _builder_version=&#8221;4.16&#8243; module_alignment=&#8221;center&#8221; global_colors_info=&#8221;{}&#8221;][\/et_pb_image][et_pb_text _builder_version=&#8221;4.16&#8243; global_colors_info=&#8221;{}&#8221;]<\/p>\n<p style=\"text-align: center;\"><strong>JEAN-FRANCOIS JEZEGOU<\/strong><\/p>\n<p style=\"text-align: center;\"><strong>TRESORIER<\/strong><\/p>\n<p>[\/et_pb_text][et_pb_image src=&#8221;https:\/\/www.fine-europe.eu\/wp-content\/uploads\/2020\/02\/1280px-Flag_of_France.svg_.png&#8221; align=&#8221;center&#8221; _builder_version=&#8221;4.16&#8243; width=&#8221;30%&#8221; module_alignment=&#8221;center&#8221; height=&#8221;80px&#8221; global_colors_info=&#8221;{}&#8221;][\/et_pb_image][\/et_pb_column][et_pb_column type=&#8221;3_5&#8243; _builder_version=&#8221;4.16&#8243; global_colors_info=&#8221;{}&#8221;][et_pb_text _builder_version=&#8221;4.27.2&#8243; hover_enabled=&#8221;0&#8243; global_colors_info=&#8221;{}&#8221; sticky_enabled=&#8221;0&#8243;]<\/p>\n<p>Infirmier dipl\u00f4m\u00e9 d\u2019Etat en juin 1985, j\u2019ai exerc\u00e9 en service d\u2019urgences puis j\u2019ai \u00e9t\u00e9 cadre de sant\u00e9 formateur dans un Institut de Formation en Soins Infirmiers \u00e0 Paris.<\/p>\n<p>Je suis titulaire du dipl\u00f4me de cadre de sant\u00e9 et d\u2019un Master 2 \u00ab Responsable de formation d\u2019adultes \u00bb.<\/p>\n<p>Apr\u00e8s avoir encadr\u00e9 pendant 3 ann\u00e9es des services de soins tant dans la fonction publique que dans le priv\u00e9, j\u2019ai rejoint en 2000 la Direction des Ressources Humaines du Groupe Hospitalier Saint Vincent \u00e0 Strasbourg o\u00f9 je fus Responsable de la Formation Continue et du Recrutement et d\u2019une \u00e9quipe soignante de remplacement.<\/p>\n<p>Depuis le 1er juin 2016, j\u2019ai pris la direction de l\u2019Institut de Formation en Soins Infirmiers Saint Vincent, rattach\u00e9 \u00e0 ce m\u00eame \u00e9tablissement. J\u2019ai par ailleurs \u00e9t\u00e9 Vice-Pr\u00e9sident de l\u2019Association Nationale des Infirmi\u00e8res et Infirmiers Dipl\u00f4m\u00e9s et des Etudiants (ANFIIDE).<\/p>\n<p>Je suis Pr\u00e9sident du Comit\u00e9 d\u2019Entente R\u00e9gional Alsace du CEFIEC et depuis 2021 Tr\u00e9sorier de FINE.<\/p>\n<p>[\/et_pb_text][\/et_pb_column][\/et_pb_row][\/et_pb_section]<\/p>\n","protected":false},"excerpt":{"rendered":"<p>JEAN-FRANCOIS JEZEGOU TRESORIERInfirmier dipl\u00f4m\u00e9 d\u2019Etat en juin 1985, j\u2019ai exerc\u00e9 en service d\u2019urgences puis j\u2019ai \u00e9t\u00e9 cadre de sant\u00e9 formateur dans un Institut de Formation en Soins Infirmiers \u00e0 Paris. Je suis titulaire du dipl\u00f4me de cadre de sant\u00e9 et d\u2019un Master 2 \u00ab Responsable de formation d\u2019adultes \u00bb. Apr\u00e8s avoir encadr\u00e9 pendant 3 ann\u00e9es [&hellip;]<\/p>\n","protected":false},"author":1,"featured_media":0,"parent":0,"menu_order":0,"comment_status":"closed","ping_status":"closed","template":"","meta":{"_et_pb_use_builder":"on","_et_pb_old_content":"","_et_gb_content_width":"","footnotes":""},"class_list":["post-2980","page","type-page","status-publish","hentry"],"_links":{"self":[{"href":"https:\/\/www.fine-europe.eu\/index.php?rest_route=\/wp\/v2\/pages\/2980","targetHints":{"allow":["GET"]}}],"collection":[{"href":"https:\/\/www.fine-europe.eu\/index.php?rest_route=\/wp\/v2\/pages"}],"about":[{"href":"https:\/\/www.fine-europe.eu\/index.php?rest_route=\/wp\/v2\/types\/page"}],"author":[{"embeddable":true,"href":"https:\/\/www.fine-europe.eu\/index.php?rest_route=\/wp\/v2\/users\/1"}],"replies":[{"embeddable":true,"href":"https:\/\/www.fine-europe.eu\/index.php?rest_route=%2Fwp%2Fv2%2Fcomments&post=2980"}],"version-history":[{"count":5,"href":"https:\/\/www.fine-europe.eu\/index.php?rest_route=\/wp\/v2\/pages\/2980\/revisions"}],"predecessor-version":[{"id":3948,"href":"https:\/\/www.fine-europe.eu\/index.php?rest_route=\/wp\/v2\/pages\/2980\/revisions\/3948"}],"wp:attachment":[{"href":"https:\/\/www.fine-europe.eu\/index.php?rest_route=%2Fwp%2Fv2%2Fmedia&parent=2980"}],"curies":[{"name":"wp","href":"https:\/\/api.w.org\/{rel}","templated":true}]}}