{"id":2975,"date":"2022-04-13T14:41:33","date_gmt":"2022-04-13T14:41:33","guid":{"rendered":"https:\/\/fine-europe.eu\/?page_id=2975"},"modified":"2025-01-06T15:05:04","modified_gmt":"2025-01-06T15:05:04","slug":"jean-francois-jezegou-treasurer","status":"publish","type":"page","link":"https:\/\/www.fine-europe.eu\/?page_id=2975&lang=en","title":{"rendered":"Jean-Fran\u00e7ois J\u00e9z\u00e9gou, Treasurer"},"content":{"rendered":"<p>[et_pb_section fb_built=&#8221;1&#8243; _builder_version=&#8221;4.16&#8243; global_colors_info=&#8221;{}&#8221;][et_pb_row column_structure=&#8221;2_5,3_5&#8243; _builder_version=&#8221;4.16&#8243; global_colors_info=&#8221;{}&#8221;][et_pb_column type=&#8221;2_5&#8243; _builder_version=&#8221;4.16&#8243; global_colors_info=&#8221;{}&#8221;][et_pb_image src=&#8221;https:\/\/www.fine-europe.eu\/wp-content\/uploads\/2022\/04\/JEZEGOU-Jean-Franc\u0327ois_ALSACE-2-3.jpeg&#8221; title_text=&#8221;JEZEGOU Jean Franc\u0327ois_ALSACE (2)&#8221; align=&#8221;center&#8221; _builder_version=&#8221;4.16&#8243; module_alignment=&#8221;center&#8221; global_colors_info=&#8221;{}&#8221;][\/et_pb_image][et_pb_text _builder_version=&#8221;4.16&#8243; global_colors_info=&#8221;{}&#8221;]<\/p>\n<p style=\"text-align: center;\"><strong>JEAN-FRANCOIS JEZEGOU<\/strong><\/p>\n<p style=\"text-align: center;\"><strong>TREASURER<\/strong><\/p>\n<p>[\/et_pb_text][et_pb_image src=&#8221;https:\/\/www.fine-europe.eu\/wp-content\/uploads\/2020\/02\/1280px-Flag_of_France.svg_.png&#8221; align=&#8221;center&#8221; _builder_version=&#8221;4.16&#8243; width=&#8221;30%&#8221; module_alignment=&#8221;center&#8221; height=&#8221;80px&#8221; global_colors_info=&#8221;{}&#8221;][\/et_pb_image][\/et_pb_column][et_pb_column type=&#8221;3_5&#8243; _builder_version=&#8221;4.16&#8243; global_colors_info=&#8221;{}&#8221;][et_pb_text _builder_version=&#8221;4.27.2&#8243; hover_enabled=&#8221;0&#8243; global_colors_info=&#8221;{}&#8221; sticky_enabled=&#8221;0&#8243;]<\/p>\n<p>I qualified as a nurse in June 1985 and worked in an emergency department before becoming a health executive trainer at a nursing training institute in Paris.<\/p>\n<p>I hold a health executive diploma and a Master 2 in Adult Training Management.<\/p>\n<p>After working for 3 years in both the public and private sectors, I joined the Human Resources Department of the Saint Vincent Hospital Group in Strasbourg in 2000, where I was in charge of continuing education and recruitment, as well as a replacement nursing team.<\/p>\n<p>On 1 June 2016, I took over the management of the Saint Vincent Nursing Training Institute, which is part of the same establishment. I was also Vice-Chairman of the National Association of Graduate Nurses and Students (ANFIIDE).<\/p>\n<p>I am Chairman of the CEFIEC Alsace Regional Committee and, since 2021, Treasurer of FINE.<\/p>\n<p>Translated with DeepL.com (free version)<\/p>\n<p>[\/et_pb_text][\/et_pb_column][\/et_pb_row][\/et_pb_section]<\/p>\n","protected":false},"excerpt":{"rendered":"<p>JEAN-FRANCOIS JEZEGOU TREASURERI qualified as a nurse in June 1985 and worked in an emergency department before becoming a health executive trainer at a nursing training institute in Paris. I hold a health executive diploma and a Master 2 in Adult Training Management. After working for 3 years in both the public and private sectors, [&hellip;]<\/p>\n","protected":false},"author":1,"featured_media":0,"parent":0,"menu_order":0,"comment_status":"closed","ping_status":"closed","template":"","meta":{"_et_pb_use_builder":"on","_et_pb_old_content":"","_et_gb_content_width":"","footnotes":""},"class_list":["post-2975","page","type-page","status-publish","hentry"],"_links":{"self":[{"href":"https:\/\/www.fine-europe.eu\/index.php?rest_route=\/wp\/v2\/pages\/2975","targetHints":{"allow":["GET"]}}],"collection":[{"href":"https:\/\/www.fine-europe.eu\/index.php?rest_route=\/wp\/v2\/pages"}],"about":[{"href":"https:\/\/www.fine-europe.eu\/index.php?rest_route=\/wp\/v2\/types\/page"}],"author":[{"embeddable":true,"href":"https:\/\/www.fine-europe.eu\/index.php?rest_route=\/wp\/v2\/users\/1"}],"replies":[{"embeddable":true,"href":"https:\/\/www.fine-europe.eu\/index.php?rest_route=%2Fwp%2Fv2%2Fcomments&post=2975"}],"version-history":[{"count":3,"href":"https:\/\/www.fine-europe.eu\/index.php?rest_route=\/wp\/v2\/pages\/2975\/revisions"}],"predecessor-version":[{"id":3947,"href":"https:\/\/www.fine-europe.eu\/index.php?rest_route=\/wp\/v2\/pages\/2975\/revisions\/3947"}],"wp:attachment":[{"href":"https:\/\/www.fine-europe.eu\/index.php?rest_route=%2Fwp%2Fv2%2Fmedia&parent=2975"}],"curies":[{"name":"wp","href":"https:\/\/api.w.org\/{rel}","templated":true}]}}