{"id":2375,"date":"2020-09-22T19:20:25","date_gmt":"2020-09-22T19:20:25","guid":{"rendered":"https:\/\/www.fine-europe.eu\/?page_id=2375"},"modified":"2020-09-22T19:50:23","modified_gmt":"2020-09-22T19:50:23","slug":"helena-leino-kilpi","status":"publish","type":"page","link":"https:\/\/www.fine-europe.eu\/?page_id=2375","title":{"rendered":"Helena Leino-Kilpi"},"content":{"rendered":"<p>[et_pb_section fb_built=&#8221;1&#8243; _builder_version=&#8221;4.0.4&#8243;][et_pb_row column_structure=&#8221;2_5,3_5&#8243; _builder_version=&#8221;4.0.4&#8243;][et_pb_column type=&#8221;2_5&#8243; _builder_version=&#8221;4.0.4&#8243;][et_pb_image src=&#8221;https:\/\/www.fine-europe.eu\/wp-content\/uploads\/2020\/09\/Photo-Helena-Leino-Kilpi1-scaled-e1600800336284.jpg&#8221; title_text=&#8221;Photo Helena Leino-Kilpi%911%93&#8243; align=&#8221;center&#8221; _builder_version=&#8221;4.6.3&#8243;][\/et_pb_image][et_pb_text _builder_version=&#8221;4.6.3&#8243;]<\/p>\n<p style=\"text-align: center;\"><b>HELENA LEINO-KILPI<\/b><\/p>\n<p>[\/et_pb_text][et_pb_image src=&#8221;https:\/\/www.fine-europe.eu\/wp-content\/uploads\/2020\/09\/3476.png&#8221; title_text=&#8221;3476&#8243; _builder_version=&#8221;4.6.3&#8243; width=&#8221;30%&#8221; module_alignment=&#8221;center&#8221; height=&#8221;80px&#8221;][\/et_pb_image][\/et_pb_column][et_pb_column type=&#8221;3_5&#8243; _builder_version=&#8221;4.0.4&#8243;][et_pb_text _builder_version=&#8221;4.6.3&#8243; hover_enabled=&#8221;0&#8243; sticky_enabled=&#8221;0&#8243;]<\/p>\n<p><strong>Helena Leino-Kilpi, PhD, LicHealthCare, MEd, RN, FAAN, FEANS, Membre de Academia Europea<\/strong><\/p>\n<p>Helena Leino-Kilpi est professeur et pr\u00e9sidente, directrice du d\u00e9partement des sciences infirmi\u00e8res de la facult\u00e9 de m\u00e9decine de l&#8217;universit\u00e9 de Turku, et directrice de l&#8217;infirmerie de l&#8217;h\u00f4pital universitaire de Turku.<\/p>\n<p>Elle est une experte de renomm\u00e9e internationale en mati\u00e8re de soins infirmiers et de sciences de la sant\u00e9. Ses recherches portent sur les soins de sant\u00e9 et l&#8217;\u00e9thique des soins infirmiers, les soins infirmiers cliniques et l&#8217;enseignement des soins infirmiers. Elle a publi\u00e9 environ 500 publications scientifiques, bas\u00e9es sur des r\u00e9f\u00e9rences, et a diffus\u00e9 les r\u00e9sultats dans des centaines de conf\u00e9rences. Elle a supervis\u00e9 une soixantaine de doctorats en sciences infirmi\u00e8res, a enseign\u00e9 pendant des ann\u00e9es l&#8217;\u00e9thique de la recherche \u00e0 l&#8217;Acad\u00e9mie europ\u00e9enne des sciences infirmi\u00e8res, a coordonn\u00e9 le r\u00e9seau national finlandais de doctorats en sciences infirmi\u00e8res, est membre du conseil d&#8217;administration du r\u00e9seau de doctorats de la r\u00e9gion de la mer Baltique et participe activement \u00e0 la collaboration nordique.<\/p>\n<p>Leino-Kilpi exerce plusieurs fonctions universitaires. Elle a \u00e9t\u00e9 membre de conseils consultatifs d&#8217;universit\u00e9s, a r\u00e9alis\u00e9 des \u00e9valuations de recherche dans diff\u00e9rents pays et pour diff\u00e9rents organismes de financement, et est membre de comit\u00e9s de r\u00e9daction. Elle est docteur honoraire de l&#8217;universit\u00e9 de Klaipeda (Lituanie), membre de l&#8217;Acad\u00e9mie europ\u00e9enne des sciences infirmi\u00e8res et professeur invit\u00e9 \u00e0 l&#8217;universit\u00e9 de Dublin, Trinity College (Irlande).<\/p>\n<p>Leino-Kilpi a obtenu son dipl\u00f4me d&#8217;infirmi\u00e8re \u00e0 l&#8217;Institut de soins de sant\u00e9 de Turku, une ma\u00eetrise en sciences de l&#8217;\u00e9ducation \u00e0 l&#8217;universit\u00e9 de Turku, une licence \u00e0 l&#8217;universit\u00e9 de Tampere et un doctorat \u00e0 la facult\u00e9 de m\u00e9decine de l&#8217;universit\u00e9 de Turku (sciences infirmi\u00e8res), en Finlande. Elle a effectu\u00e9 un stage post-doctoral \u00e0 l&#8217;Universit\u00e9 de New York et \u00e0 l&#8217;Universit\u00e9 d&#8217;\u00c9dimbourg, au Royaume-Uni.<\/p>\n<p>&nbsp;<\/p>\n<p>[\/et_pb_text][\/et_pb_column][\/et_pb_row][\/et_pb_section]<\/p>\n","protected":false},"excerpt":{"rendered":"<p>HELENA LEINO-KILPIHelena Leino-Kilpi, PhD, LicHealthCare, MEd, RN, FAAN, FEANS, Membre de Academia Europea Helena Leino-Kilpi est professeur et pr\u00e9sidente, directrice du d\u00e9partement des sciences infirmi\u00e8res de la facult\u00e9 de m\u00e9decine de l&#8217;universit\u00e9 de Turku, et directrice de l&#8217;infirmerie de l&#8217;h\u00f4pital universitaire de Turku. Elle est une experte de renomm\u00e9e internationale en mati\u00e8re de soins infirmiers [&hellip;]<\/p>\n","protected":false},"author":2,"featured_media":0,"parent":0,"menu_order":0,"comment_status":"closed","ping_status":"closed","template":"","meta":{"_et_pb_use_builder":"on","_et_pb_old_content":"","_et_gb_content_width":"","footnotes":""},"class_list":["post-2375","page","type-page","status-publish","hentry"],"_links":{"self":[{"href":"https:\/\/www.fine-europe.eu\/index.php?rest_route=\/wp\/v2\/pages\/2375","targetHints":{"allow":["GET"]}}],"collection":[{"href":"https:\/\/www.fine-europe.eu\/index.php?rest_route=\/wp\/v2\/pages"}],"about":[{"href":"https:\/\/www.fine-europe.eu\/index.php?rest_route=\/wp\/v2\/types\/page"}],"author":[{"embeddable":true,"href":"https:\/\/www.fine-europe.eu\/index.php?rest_route=\/wp\/v2\/users\/2"}],"replies":[{"embeddable":true,"href":"https:\/\/www.fine-europe.eu\/index.php?rest_route=%2Fwp%2Fv2%2Fcomments&post=2375"}],"version-history":[{"count":5,"href":"https:\/\/www.fine-europe.eu\/index.php?rest_route=\/wp\/v2\/pages\/2375\/revisions"}],"predecessor-version":[{"id":2415,"href":"https:\/\/www.fine-europe.eu\/index.php?rest_route=\/wp\/v2\/pages\/2375\/revisions\/2415"}],"wp:attachment":[{"href":"https:\/\/www.fine-europe.eu\/index.php?rest_route=%2Fwp%2Fv2%2Fmedia&parent=2375"}],"curies":[{"name":"wp","href":"https:\/\/api.w.org\/{rel}","templated":true}]}}