{"id":2368,"date":"2020-09-22T19:13:18","date_gmt":"2020-09-22T19:13:18","guid":{"rendered":"https:\/\/www.fine-europe.eu\/?page_id=2368"},"modified":"2020-09-22T19:13:19","modified_gmt":"2020-09-22T19:13:19","slug":"jane-laure-danan","status":"publish","type":"page","link":"https:\/\/www.fine-europe.eu\/?page_id=2368","title":{"rendered":"Jane-Laure Danan"},"content":{"rendered":"<p>[et_pb_section fb_built=&#8221;1&#8243; _builder_version=&#8221;4.0.4&#8243;][et_pb_row column_structure=&#8221;2_5,3_5&#8243; _builder_version=&#8221;4.0.4&#8243;][et_pb_column type=&#8221;2_5&#8243; _builder_version=&#8221;4.0.4&#8243;][et_pb_image src=&#8221;https:\/\/www.fine-europe.eu\/wp-content\/uploads\/2020\/09\/jane-laure-danan-e1600800915838.jpg&#8221; align=&#8221;center&#8221; _builder_version=&#8221;4.6.3&#8243; hover_enabled=&#8221;0&#8243; title_text=&#8221;jane laure danan&#8221; sticky_enabled=&#8221;0&#8243;][\/et_pb_image][et_pb_text _builder_version=&#8221;4.6.3&#8243; hover_enabled=&#8221;0&#8243; sticky_enabled=&#8221;0&#8243;]<\/p>\n<p style=\"text-align: center;\"><b>JANE-LAURE DANAN<\/b><\/p>\n<p>[\/et_pb_text][et_pb_image src=&#8221;https:\/\/www.fine-europe.eu\/wp-content\/uploads\/2020\/02\/1280px-Flag_of_France.svg_.png&#8221; _builder_version=&#8221;4.6.3&#8243; width=&#8221;30%&#8221; module_alignment=&#8221;center&#8221; height=&#8221;80px&#8221; hover_enabled=&#8221;0&#8243; title_text=&#8221;1280px-Flag_of_France.svg&#8221; sticky_enabled=&#8221;0&#8243;][\/et_pb_image][\/et_pb_column][et_pb_column type=&#8221;3_5&#8243; _builder_version=&#8221;4.0.4&#8243;][et_pb_text _builder_version=&#8221;4.6.3&#8243; hover_enabled=&#8221;0&#8243; sticky_enabled=&#8221;0&#8243;]<\/p>\n<p>Le docteur Jane-Laure DANAN est Responsable de la Mission Sant\u00e9 et bien-\u00eatre \u00e0 la M\u00e9tropole du Grand Nancy elle coordonne \u00e0 ce titre le contrat local de sant\u00e9 et le conseil local en sant\u00e9 mentale des 20 communes du Grand \u2013Nancy en partenariat avec l\u2019Ars Grand est et la pr\u00e9fecture de Meurthe et Moselle. Dans le cadre de ses missions elle est membre du conseil d\u2019administration du r\u00e9seau fran\u00e7ais des villes sant\u00e9 de l\u2019OMS .<br \/> Elle est titulaire d&#8217;un master en sciences de l&#8217;\u00e9ducation, d&#8217;un master en \u00e9thique droit de la sant\u00e9 et m\u00e9decine l\u00e9gale, et d&#8217;une th\u00e8se de recherche en sciences de la vie et de la sant\u00e9 obtenue en 2015 au sein du p\u00f4le biologie m\u00e9decine sant\u00e9 de l&#8217;universit\u00e9 de Lorraine.<\/p>\n<p>Elle a dirig\u00e9 pendant 15 ans un institut de formation en soins infirmiers situ\u00e9 au sein du centre psychoth\u00e9rapique de Nancy, puis elle a exerc\u00e9 des missions de charg\u00e9e de recherche, formation et \u00e9thique au Ght psychiatrie et neurosciences de paris<\/p>\n<p>Elle a encadr\u00e9 au sein de la direction des soins de l\u2019EPS Maison \u2013Blanche, \u00e9tablissement membre du GHT psychiatrie et neurosciences de paris, une \u00e9quipe d\u2019infirmiers de pratique avanc\u00e9e exp\u00e9rimentale, de 2016 \u00e0 2018.<br \/> Elle a \u00e9t\u00e9 vice-pr\u00e9sidente en charge de la communication puis de la formation des infirmiers et a particip\u00e9 activement \u00e0 la mise en place de la r\u00e9ing\u00e9nierie du dipl\u00f4me d\u2019infirmier. Elle a occup\u00e9e en 2006 le poste de tr\u00e9sori\u00e8re puis en 2013, celui de de pr\u00e9sidente de Fine-Europe f\u00e9d\u00e9ration Europ\u00e9enne des enseignants en sciences infirmi\u00e8res jusqu\u2019en janvier 2019. Elle est pr\u00e9sidente Honoraire depuis janvier 2019 de la F\u00e9d\u00e9ration europ\u00e9enne des enseignants en sciences infirmi\u00e8res (Fine-Europe).<\/p>\n<p>Elle est chercheuse associ\u00e9e dans une \u00e9quipe de l&#8217;universit\u00e9 de Lorraine Inter psy, elle codirige deux th\u00e8ses l\u2019une sur la litt\u00e9ratie en sant\u00e9 mentale et l\u2019autre sur l\u2019\u00e9tat de sant\u00e9 des \u00e9tudiants en sciences infirmi\u00e8res.<br \/> Elle est directrice ex\u00e9cutive de l\u2019\u00e9quipe fran\u00e7aise de recherche en bio\u00e9thique labellis\u00e9e par la chaire de bio\u00e9thique de l\u2019Unesco .<br \/> Ses axes de recherche sont centr\u00e9s sur les pratiques innovantes et avanc\u00e9es en sant\u00e9 et en sant\u00e9 mentale, les nouveaux m\u00e9tiers en sant\u00e9, l\u2019\u00e9thique de la sant\u00e9 et le d\u00e9veloppement durable. Elle membre du comit\u00e9 de r\u00e9daction de la revue REFIRI (Elsevier Masson) ainsi que de la revue Hegel.<\/p>\n<p>Elle est l\u2019auteur de plusieurs publications et chapitre d\u2019ouvrages.<\/p>\n<p>&nbsp;<\/p>\n<p>[\/et_pb_text][\/et_pb_column][\/et_pb_row][\/et_pb_section]<\/p>\n","protected":false},"excerpt":{"rendered":"<p>JANE-LAURE DANAN Le docteur Jane-Laure DANAN est Responsable de la Mission Sant\u00e9 et bien-\u00eatre \u00e0 la M\u00e9tropole du Grand Nancy elle coordonne \u00e0 ce titre le contrat local de sant\u00e9 et le conseil local en sant\u00e9 mentale des 20 communes du Grand \u2013Nancy en partenariat avec l\u2019Ars Grand est et la pr\u00e9fecture de Meurthe et [&hellip;]<\/p>\n","protected":false},"author":2,"featured_media":0,"parent":0,"menu_order":0,"comment_status":"closed","ping_status":"closed","template":"","meta":{"_et_pb_use_builder":"on","_et_pb_old_content":"","_et_gb_content_width":"","footnotes":""},"class_list":["post-2368","page","type-page","status-publish","hentry"],"_links":{"self":[{"href":"https:\/\/www.fine-europe.eu\/index.php?rest_route=\/wp\/v2\/pages\/2368","targetHints":{"allow":["GET"]}}],"collection":[{"href":"https:\/\/www.fine-europe.eu\/index.php?rest_route=\/wp\/v2\/pages"}],"about":[{"href":"https:\/\/www.fine-europe.eu\/index.php?rest_route=\/wp\/v2\/types\/page"}],"author":[{"embeddable":true,"href":"https:\/\/www.fine-europe.eu\/index.php?rest_route=\/wp\/v2\/users\/2"}],"replies":[{"embeddable":true,"href":"https:\/\/www.fine-europe.eu\/index.php?rest_route=%2Fwp%2Fv2%2Fcomments&post=2368"}],"version-history":[{"count":2,"href":"https:\/\/www.fine-europe.eu\/index.php?rest_route=\/wp\/v2\/pages\/2368\/revisions"}],"predecessor-version":[{"id":2371,"href":"https:\/\/www.fine-europe.eu\/index.php?rest_route=\/wp\/v2\/pages\/2368\/revisions\/2371"}],"wp:attachment":[{"href":"https:\/\/www.fine-europe.eu\/index.php?rest_route=%2Fwp%2Fv2%2Fmedia&parent=2368"}],"curies":[{"name":"wp","href":"https:\/\/api.w.org\/{rel}","templated":true}]}}