{"id":2344,"date":"2020-09-22T18:53:30","date_gmt":"2020-09-22T18:53:30","guid":{"rendered":"https:\/\/www.fine-europe.eu\/?page_id=2344"},"modified":"2021-10-14T08:21:34","modified_gmt":"2021-10-14T08:21:34","slug":"conseil-consultatif-2","status":"publish","type":"page","link":"https:\/\/www.fine-europe.eu\/?page_id=2344","title":{"rendered":"Conseil Consultatif"},"content":{"rendered":"<p>[et_pb_section fb_built=&#8221;1&#8243; specialty=&#8221;on&#8221; _builder_version=&#8221;4.2.2&#8243; custom_padding=&#8221;0px|||||&#8221; global_colors_info=&#8221;{}&#8221;][et_pb_column type=&#8221;3_4&#8243; specialty_columns=&#8221;3&#8243; _builder_version=&#8221;3.25&#8243; custom_padding=&#8221;|||&#8221; global_colors_info=&#8221;{}&#8221; custom_padding__hover=&#8221;|||&#8221;][et_pb_row_inner _builder_version=&#8221;4.2.2&#8243; global_colors_info=&#8221;{}&#8221;][et_pb_column_inner saved_specialty_column_type=&#8221;3_4&#8243; _builder_version=&#8221;4.2.2&#8243; global_colors_info=&#8221;{}&#8221;][et_pb_text admin_label=&#8221;Text&#8221; _builder_version=&#8221;4.6.3&#8243; background_size=&#8221;initial&#8221; background_position=&#8221;top_left&#8221; background_repeat=&#8221;repeat&#8221; custom_padding=&#8221;0px||0px|||&#8221; global_colors_info=&#8221;{}&#8221;]<\/p>\n<p><!-- divi:paragraph --><\/p>\n<h3>Le Conseil Consultatif de FINE-Europe<\/h3>\n<p>Un groupe d\u2019experts enseignants en soins infirmiers conseille l\u2019Ex\u00e9cutif de FINE-Europe sur les activit\u00e9s de FINE \u00e0 partir d\u2019un point de vue professionnel.<\/p>\n<p><!-- \/divi:paragraph --><\/p>\n<p>[\/et_pb_text][\/et_pb_column_inner][\/et_pb_row_inner][et_pb_row_inner column_structure=&#8221;1_3,1_3,1_3&#8243; _builder_version=&#8221;4.0.4&#8243; global_colors_info=&#8221;{}&#8221;][et_pb_column_inner type=&#8221;1_3&#8243; saved_specialty_column_type=&#8221;3_4&#8243; _builder_version=&#8221;4.0.4&#8243; global_colors_info=&#8221;{}&#8221;][et_pb_image src=&#8221;https:\/\/www.fine-europe.eu\/wp-content\/uploads\/2020\/09\/Anne-Lekeux-e1600800121438.jpg&#8221; title_text=&#8221;Anne Lekeux&#8221; align=&#8221;center&#8221; force_fullwidth=&#8221;on&#8221; _builder_version=&#8221;4.6.3&#8243; global_colors_info=&#8221;{}&#8221;][\/et_pb_image][et_pb_text _builder_version=&#8221;4.6.3&#8243; background_color=&#8221;#0C71C3&#8243; global_colors_info=&#8221;{}&#8221;]<\/p>\n<p style=\"text-align: center;\"><span color=\"#ffffff\" style=\"color: #ffffff;\">Anne Lekeux<\/span><\/p>\n<p>[\/et_pb_text][et_pb_button button_text=&#8221;Voir l&#8217;article&#8221; button_alignment=&#8221;center&#8221; _builder_version=&#8221;4.11.2&#8243; transform_scale=&#8221;60%|60%&#8221; hover_enabled=&#8221;0&#8243; global_colors_info=&#8221;{}&#8221; button_url=&#8221;https:\/\/fine-europe.eu\/?page_id=2854&#8243; sticky_enabled=&#8221;0&#8243;][\/et_pb_button][\/et_pb_column_inner][et_pb_column_inner type=&#8221;1_3&#8243; saved_specialty_column_type=&#8221;3_4&#8243; _builder_version=&#8221;4.0.4&#8243; global_colors_info=&#8221;{}&#8221;][et_pb_image src=&#8221;https:\/\/www.fine-europe.eu\/wp-content\/uploads\/2020\/09\/Photo-Arminda-Costa1-scaled-e1600800390733.jpg&#8221; title_text=&#8221;Photo Arminda Costa%911%93&#8243; force_fullwidth=&#8221;on&#8221; _builder_version=&#8221;4.6.3&#8243; custom_padding=&#8221;||0px|||&#8221; global_colors_info=&#8221;{}&#8221;][\/et_pb_image][et_pb_text _builder_version=&#8221;4.6.3&#8243; background_color=&#8221;#0C71C3&#8243; custom_padding=&#8221;|0px|1px|||&#8221; global_colors_info=&#8221;{}&#8221;]<\/p>\n<p style=\"text-align: center;\"><span color=\"#ffffff\" style=\"color: #ffffff;\">Arminda Costa<\/span><\/p>\n<p>[\/et_pb_text][et_pb_button button_text=&#8221;Voir l&#8217;article&#8221; button_alignment=&#8221;center&#8221; _builder_version=&#8221;4.6.3&#8243; transform_scale=&#8221;60%|60%&#8221; global_colors_info=&#8221;{}&#8221;][\/et_pb_button][\/et_pb_column_inner][et_pb_column_inner type=&#8221;1_3&#8243; saved_specialty_column_type=&#8221;3_4&#8243; _builder_version=&#8221;4.0.4&#8243; global_colors_info=&#8221;{}&#8221;][et_pb_image src=&#8221;https:\/\/www.fine-europe.eu\/wp-content\/uploads\/2020\/09\/Capture-de\u0301cran-2020-09-22-a\u0300-20.50.19-e1600800880934.png&#8221; title_text=&#8221;Capture d\u2019e\u0301cran 2020-09-22 a\u0300 20.50.19&#8243; force_fullwidth=&#8221;on&#8221; _builder_version=&#8221;4.6.3&#8243; global_colors_info=&#8221;{}&#8221;][\/et_pb_image][et_pb_text _builder_version=&#8221;4.6.3&#8243; background_color=&#8221;#0C71C3&#8243; global_colors_info=&#8221;{}&#8221;]<\/p>\n<p style=\"text-align: center;\"><span color=\"#ffffff\" style=\"color: #ffffff;\">Carol Hall<\/span><\/p>\n<p>[\/et_pb_text][et_pb_button button_url=&#8221;https:\/\/www.fine-europe.eu\/?page_id=2385&#8243; button_text=&#8221;Voir l&#8217;article&#8221; button_alignment=&#8221;center&#8221; _builder_version=&#8221;4.6.3&#8243; transform_scale=&#8221;60%|60%&#8221; global_colors_info=&#8221;{}&#8221;][\/et_pb_button][\/et_pb_column_inner][\/et_pb_row_inner][et_pb_row_inner column_structure=&#8221;1_3,1_3,1_3&#8243; _builder_version=&#8221;4.0.4&#8243; global_colors_info=&#8221;{}&#8221;][et_pb_column_inner type=&#8221;1_3&#8243; saved_specialty_column_type=&#8221;3_4&#8243; _builder_version=&#8221;4.0.4&#8243; global_colors_info=&#8221;{}&#8221;][et_pb_image src=&#8221;https:\/\/www.fine-europe.eu\/wp-content\/uploads\/2020\/09\/jane-laure-danan-e1600800915838.jpg&#8221; title_text=&#8221;jane laure danan&#8221; force_fullwidth=&#8221;on&#8221; _builder_version=&#8221;4.6.3&#8243; global_colors_info=&#8221;{}&#8221;][\/et_pb_image][et_pb_text _builder_version=&#8221;4.6.3&#8243; background_color=&#8221;#0C71C3&#8243; global_colors_info=&#8221;{}&#8221;]<\/p>\n<p style=\"text-align: center;\"><span color=\"#ffffff\" style=\"color: #ffffff;\">Jane-Laure Danan<\/span><\/p>\n<p>[\/et_pb_text][et_pb_button button_url=&#8221;https:\/\/www.fine-europe.eu\/?page_id=2368&#8243; button_text=&#8221;Voir l&#8217;article&#8221; button_alignment=&#8221;center&#8221; _builder_version=&#8221;4.6.3&#8243; transform_scale=&#8221;60%|60%&#8221; global_colors_info=&#8221;{}&#8221;][\/et_pb_button][\/et_pb_column_inner][et_pb_column_inner type=&#8221;1_3&#8243; saved_specialty_column_type=&#8221;3_4&#8243; _builder_version=&#8221;4.0.4&#8243; global_colors_info=&#8221;{}&#8221;][et_pb_image src=&#8221;https:\/\/www.fine-europe.eu\/wp-content\/uploads\/2020\/11\/thumbnail_IMG_2185-e1604954562347.jpg&#8221; title_text=&#8221;thumbnail_IMG_2185&#8243; force_fullwidth=&#8221;on&#8221; _builder_version=&#8221;4.6.5&#8243; global_colors_info=&#8221;{}&#8221;][\/et_pb_image][et_pb_text _builder_version=&#8221;4.6.3&#8243; background_color=&#8221;#0C71C3&#8243; global_colors_info=&#8221;{}&#8221;]<\/p>\n<p style=\"text-align: center;\"><span color=\"#ffffff\" style=\"color: #ffffff;\">Montserrat Teixidor<\/span><\/p>\n<p>[\/et_pb_text][et_pb_button button_url=&#8221;https:\/\/www.fine-europe.eu\/?page_id=2470&#8243; button_text=&#8221;Voir l&#8217;article&#8221; button_alignment=&#8221;center&#8221; _builder_version=&#8221;4.6.5&#8243; transform_scale=&#8221;60%|60%&#8221; global_colors_info=&#8221;{}&#8221;][\/et_pb_button][\/et_pb_column_inner][et_pb_column_inner type=&#8221;1_3&#8243; saved_specialty_column_type=&#8221;3_4&#8243; _builder_version=&#8221;4.0.4&#8243; global_colors_info=&#8221;{}&#8221;][et_pb_image src=&#8221;https:\/\/www.fine-europe.eu\/wp-content\/uploads\/2020\/02\/Capture-d\u2019e\u0301cran-2020-02-27-a\u0300-21.16.43.png&#8221; title_text=&#8221;Capture d\u2019e\u0301cran 2020-02-27 a\u0300 21.16.43&#8243; force_fullwidth=&#8221;on&#8221; _builder_version=&#8221;4.6.3&#8243; global_colors_info=&#8221;{}&#8221;][\/et_pb_image][et_pb_text _builder_version=&#8221;4.6.3&#8243; background_color=&#8221;#0C71C3&#8243; global_colors_info=&#8221;{}&#8221;]<\/p>\n<p style=\"text-align: center;\"><span color=\"#ffffff\" style=\"color: #ffffff;\">Marc Dhaeze<\/span><\/p>\n<p>[\/et_pb_text][et_pb_button button_text=&#8221;Voir l&#8217;article&#8221; button_alignment=&#8221;center&#8221; _builder_version=&#8221;4.6.3&#8243; transform_scale=&#8221;60%|60%&#8221; global_colors_info=&#8221;{}&#8221;][\/et_pb_button][\/et_pb_column_inner][\/et_pb_row_inner][et_pb_row_inner column_structure=&#8221;1_3,1_3,1_3&#8243; _builder_version=&#8221;4.0.4&#8243; global_colors_info=&#8221;{}&#8221;][et_pb_column_inner type=&#8221;1_3&#8243; saved_specialty_column_type=&#8221;3_4&#8243; _builder_version=&#8221;4.0.4&#8243; global_colors_info=&#8221;{}&#8221;][et_pb_image src=&#8221;https:\/\/www.fine-europe.eu\/wp-content\/uploads\/2020\/09\/Photo-Helena-Leino-Kilpi1-scaled-e1600800336284.jpg&#8221; title_text=&#8221;Photo Helena Leino-Kilpi%911%93&#8243; force_fullwidth=&#8221;on&#8221; _builder_version=&#8221;4.6.3&#8243; global_colors_info=&#8221;{}&#8221;][\/et_pb_image][et_pb_text _builder_version=&#8221;4.6.3&#8243; background_color=&#8221;#0C71C3&#8243; global_colors_info=&#8221;{}&#8221;]<\/p>\n<p style=\"text-align: center;\"><span color=\"#ffffff\" style=\"color: #ffffff;\">Helena Leino-Kilpi<\/span><\/p>\n<p>[\/et_pb_text][et_pb_button button_url=&#8221;https:\/\/www.fine-europe.eu\/?page_id=2375&#8243; button_text=&#8221;Voir l&#8217;article&#8221; button_alignment=&#8221;center&#8221; _builder_version=&#8221;4.6.3&#8243; transform_scale=&#8221;60%|60%&#8221; global_colors_info=&#8221;{}&#8221;][\/et_pb_button][\/et_pb_column_inner][et_pb_column_inner type=&#8221;1_3&#8243; saved_specialty_column_type=&#8221;3_4&#8243; _builder_version=&#8221;4.0.4&#8243; global_colors_info=&#8221;{}&#8221;][et_pb_image src=&#8221;https:\/\/www.fine-europe.eu\/wp-content\/uploads\/2020\/09\/Photo-Meyer1-scaled-e1600800287542.jpg&#8221; title_text=&#8221;Photo Meyer%911%93&#8243; force_fullwidth=&#8221;on&#8221; _builder_version=&#8221;4.6.3&#8243; global_colors_info=&#8221;{}&#8221;][\/et_pb_image][et_pb_text _builder_version=&#8221;4.6.3&#8243; background_color=&#8221;#0C71C3&#8243; global_colors_info=&#8221;{}&#8221;]<\/p>\n<p style=\"text-align: center;\"><span color=\"#ffffff\" style=\"color: #ffffff;\">Gabriele Meyer<\/span><\/p>\n<p>[\/et_pb_text][et_pb_button button_url=&#8221;https:\/\/www.fine-europe.eu\/?page_id=2391&#8243; button_text=&#8221;Voir l&#8217;article&#8221; button_alignment=&#8221;center&#8221; _builder_version=&#8221;4.6.3&#8243; transform_scale=&#8221;60%|60%&#8221; global_colors_info=&#8221;{}&#8221;][\/et_pb_button][\/et_pb_column_inner][et_pb_column_inner type=&#8221;1_3&#8243; saved_specialty_column_type=&#8221;3_4&#8243; _builder_version=&#8221;4.0.4&#8243; global_colors_info=&#8221;{}&#8221;][et_pb_image src=&#8221;https:\/\/www.fine-europe.eu\/wp-content\/uploads\/2020\/10\/Photo-Brigita-Salvic-scaled-e1601837612940.jpg&#8221; title_text=&#8221;Photo Brigita Salvic&#8221; force_fullwidth=&#8221;on&#8221; _builder_version=&#8221;4.6.3&#8243; global_colors_info=&#8221;{}&#8221;][\/et_pb_image][et_pb_text _builder_version=&#8221;4.6.3&#8243; background_color=&#8221;#0C71C3&#8243; global_colors_info=&#8221;{}&#8221;]<\/p>\n<p style=\"text-align: center;\"><span color=\"#ffffff\" style=\"color: #ffffff;\">Brigita Skela-Savi\u010d<\/span><\/p>\n<p>[\/et_pb_text][et_pb_button button_url=&#8221;https:\/\/www.fine-europe.eu\/?page_id=2427(opens%20in%20a%20new%20tab)&#8221; button_text=&#8221;Voir l&#8217;article&#8221; button_alignment=&#8221;center&#8221; _builder_version=&#8221;4.6.3&#8243; transform_scale=&#8221;60%|60%&#8221; global_colors_info=&#8221;{}&#8221;][\/et_pb_button][\/et_pb_column_inner][\/et_pb_row_inner][\/et_pb_column][et_pb_column type=&#8221;1_4&#8243; _builder_version=&#8221;3.25&#8243; custom_padding=&#8221;|||&#8221; global_colors_info=&#8221;{}&#8221; custom_padding__hover=&#8221;|||&#8221;][et_pb_sidebar _builder_version=&#8221;4.2.2&#8243; global_colors_info=&#8221;{}&#8221;][\/et_pb_sidebar][\/et_pb_column][\/et_pb_section]<\/p>\n","protected":false},"excerpt":{"rendered":"<p>Le Conseil Consultatif de FINE-Europe Un groupe d\u2019experts enseignants en soins infirmiers conseille l\u2019Ex\u00e9cutif de FINE-Europe sur les activit\u00e9s de FINE \u00e0 partir d\u2019un point de vue professionnel. Anne LekeuxArminda CostaCarol HallJane-Laure DananMontserrat TeixidorMarc DhaezeHelena Leino-KilpiGabriele MeyerBrigita Skela-Savi\u010d<\/p>\n","protected":false},"author":2,"featured_media":0,"parent":192,"menu_order":4,"comment_status":"closed","ping_status":"closed","template":"","meta":{"_et_pb_use_builder":"on","_et_pb_old_content":"<!-- wp:paragraph -->\n<p>[simple-staff-list]<\/p>\n<!-- \/wp:paragraph -->","_et_gb_content_width":"","footnotes":""},"class_list":["post-2344","page","type-page","status-publish","hentry"],"_links":{"self":[{"href":"https:\/\/www.fine-europe.eu\/index.php?rest_route=\/wp\/v2\/pages\/2344","targetHints":{"allow":["GET"]}}],"collection":[{"href":"https:\/\/www.fine-europe.eu\/index.php?rest_route=\/wp\/v2\/pages"}],"about":[{"href":"https:\/\/www.fine-europe.eu\/index.php?rest_route=\/wp\/v2\/types\/page"}],"author":[{"embeddable":true,"href":"https:\/\/www.fine-europe.eu\/index.php?rest_route=\/wp\/v2\/users\/2"}],"replies":[{"embeddable":true,"href":"https:\/\/www.fine-europe.eu\/index.php?rest_route=%2Fwp%2Fv2%2Fcomments&post=2344"}],"version-history":[{"count":15,"href":"https:\/\/www.fine-europe.eu\/index.php?rest_route=\/wp\/v2\/pages\/2344\/revisions"}],"predecessor-version":[{"id":2858,"href":"https:\/\/www.fine-europe.eu\/index.php?rest_route=\/wp\/v2\/pages\/2344\/revisions\/2858"}],"up":[{"embeddable":true,"href":"https:\/\/www.fine-europe.eu\/index.php?rest_route=\/wp\/v2\/pages\/192"}],"wp:attachment":[{"href":"https:\/\/www.fine-europe.eu\/index.php?rest_route=%2Fwp%2Fv2%2Fmedia&parent=2344"}],"curies":[{"name":"wp","href":"https:\/\/api.w.org\/{rel}","templated":true}]}}